 {"id":28626,"date":"2023-11-14T12:25:00","date_gmt":"2023-11-14T11:25:00","guid":{"rendered":"https:\/\/www.greendiscounter.com\/\/product\/ferro-erde-hydro-wachstum-ab-10-ltr\/"},"modified":"2025-08-29T12:00:53","modified_gmt":"2025-08-29T10:00:53","slug":"ferro-erde-hydro-wachstum-ab-10-ltr","status":"publish","type":"product","link":"https:\/\/www.greendiscounter.com\/de\/ferro-erde-hydro-wachstum-ab-10-ltr\/","title":{"rendered":"Ferro | Erde\/Hydro A&amp;B | Wachstum | 10 ltr"},"content":{"rendered":"<header>\n<h1>Standard GROWTH A&amp;B Ern\u00e4hrung &#8211; 10 Liter<\/h1>\n<\/header>\n<section>Die <strong>Standard GROEI A&amp;B Ern\u00e4hrung 10 Liter<\/strong> wurde f\u00fcr professionelle G\u00e4rtner und gr\u00f6\u00dfere Projekte entwickelt. Dieser hochwertige <em>Wachstumsd\u00fcnger<\/em> versorgt Pflanzen in der Wachstumsphase mit allen wichtigen N\u00e4hrstoffen. Er sorgt f\u00fcr ein kr\u00e4ftiges Wachstum, gesunde Bl\u00e4tter und starke Wurzeln, sowohl in der <strong>Erde als auch im Wasser<\/strong>, und ist au\u00dferdem perfekt f\u00fcr <strong>Mutterpflanzen<\/strong> geeignet, um gesunde und starke Stecklinge zu ziehen. Mit dem 10-Liter-Set haben Sie einen ausreichenden Vorrat f\u00fcr mehrere Bew\u00e4sserungsrunden.<\/p>\n<\/section>\n<section>\n<h2>Vorteile von GROEI 10L<\/h2>\n<ul>\n<li>\u2705 Gro\u00dfe Kapazit\u00e4t f\u00fcr langfristige Nutzung<\/li>\n<li>\u2705 Vollst\u00e4ndige Ern\u00e4hrung f\u00fcr Wachstumsphase und Mutterpflanzen<\/li>\n<li>\u2705 pH-stabil und einfach in der Anwendung<\/li>\n<li>\u2705 Geeignet f\u00fcr Boden- und Wassersysteme<\/li>\n<li>\u2705 Zwei-Komponenten-Stromversorgung f\u00fcr optimale Absorption<\/li>\n<\/ul>\n<\/section>\n<section>\n<h2>Inhalt &amp; Komposition<\/h2>\n<p><strong>10-Liter-Packung:<\/strong><br \/>\n&#8211; 10L Standard GROW A<br \/>\n&#8211; 10L Standard GROWTH B<br \/>\nF\u00fcr den professionellen Einsatz geeignet.<\/p>\n<\/section>\n<section>\n<h2>Benutzerhandbuch<\/h2>\n<ol>\n<li>F\u00fcllen Sie den Wassertank mit sauberem Wasser.<\/li>\n<li>F\u00fcgen Sie zuerst <strong>GROW A<\/strong> hinzu und mischen Sie gut.<\/li>\n<li>F\u00fcgen Sie dann <strong>ERDE B<\/strong> hinzu und r\u00fchren Sie erneut um.<\/li>\n<li>Pr\u00fcfen Sie den pH-Wert und passen Sie ihn gegebenenfalls an.<\/li>\n<li>Verwenden Sie die Mischung sofort nach der Zubereitung.<\/li>\n<\/ol>\n<\/section>\n<footer><em>Empfehlung:<\/em> Verwenden Sie diesen N\u00e4hrstoff in Kombination mit einem EC- und pH-Messger\u00e4t f\u00fcr optimale Ergebnisse und kombinieren Sie ihn in der Bl\u00fctephase mit BLOW nutrition.<\/footer>\n<p>&nbsp;<\/p>\n","protected":false},"excerpt":{"rendered":"<p>Die Standard GROEI A&amp;B Ern\u00e4hrung 10 Liter wurde f\u00fcr professionelle G\u00e4rtner und gr\u00f6\u00dfere Projekte entwickelt. Dieser hochwertige <em>Wachstumsd\u00fcnger<\/em> versorgt Pflanzen in der Wachstumsphase mit allen wichtigen N\u00e4hrstoffen. Es sorgt f\u00fcr kr\u00e4ftiges Wachstum, gesunde Bl\u00e4tter und starke Wurzeln sowohl im Boden als auch im Wasser.<\/p>\n<p>Dar\u00fcber hinaus ist dieser N\u00e4hrstoff perfekt f\u00fcr Mutterpflanzen geeignet, so dass Sie gesunde und kr\u00e4ftige Stecklinge ziehen k\u00f6nnen. Mit dem 10-Liter-Set haben Sie einen ausreichenden Vorrat f\u00fcr mehrere Bew\u00e4sserungsrunden.<\/p>\n","protected":false},"featured_media":25325,"template":"","meta":[],"product_brand":[],"product_cat":[425,344],"product_tag":[],"class_list":{"0":"post-28626","1":"product","2":"type-product","3":"status-publish","4":"has-post-thumbnail","6":"product_cat-ferro-de","7":"product_cat-pflanzennahrung","9":"first","10":"instock","11":"taxable","12":"shipping-taxable","13":"purchasable","14":"product-type-simple"},"_links":{"self":[{"href":"https:\/\/www.greendiscounter.com\/de\/wp-json\/wp\/v2\/product\/28626","targetHints":{"allow":["GET"]}}],"collection":[{"href":"https:\/\/www.greendiscounter.com\/de\/wp-json\/wp\/v2\/product"}],"about":[{"href":"https:\/\/www.greendiscounter.com\/de\/wp-json\/wp\/v2\/types\/product"}],"version-history":[{"count":1,"href":"https:\/\/www.greendiscounter.com\/de\/wp-json\/wp\/v2\/product\/28626\/revisions"}],"predecessor-version":[{"id":42642,"href":"https:\/\/www.greendiscounter.com\/de\/wp-json\/wp\/v2\/product\/28626\/revisions\/42642"}],"wp:featuredmedia":[{"embeddable":true,"href":"https:\/\/www.greendiscounter.com\/de\/wp-json\/wp\/v2\/media\/25325"}],"wp:attachment":[{"href":"https:\/\/www.greendiscounter.com\/de\/wp-json\/wp\/v2\/media?parent=28626"}],"wp:term":[{"taxonomy":"product_brand","embeddable":true,"href":"https:\/\/www.greendiscounter.com\/de\/wp-json\/wp\/v2\/product_brand?post=28626"},{"taxonomy":"product_cat","embeddable":true,"href":"https:\/\/www.greendiscounter.com\/de\/wp-json\/wp\/v2\/product_cat?post=28626"},{"taxonomy":"product_tag","embeddable":true,"href":"https:\/\/www.greendiscounter.com\/de\/wp-json\/wp\/v2\/product_tag?post=28626"}],"curies":[{"name":"wp","href":"https:\/\/api.w.org\/{rel}","templated":true}]}}