 {"id":28622,"date":"2023-11-14T12:24:58","date_gmt":"2023-11-14T11:24:58","guid":{"rendered":"https:\/\/www.greendiscounter.com\/\/product\/ferro-erde-hydro-bloom-ab-10-ltr\/"},"modified":"2025-08-29T12:00:56","modified_gmt":"2025-08-29T10:00:56","slug":"ferro-erde-hydro-bloom-ab-10-ltr","status":"publish","type":"product","link":"https:\/\/www.greendiscounter.com\/de\/ferro-erde-hydro-bloom-ab-10-ltr\/","title":{"rendered":"Ferro | Erde\/Hydro A&amp;B | Bl\u00fcte | 10 ltr."},"content":{"rendered":"<header>\n<h1>Standard BLOWER A&amp;B Ern\u00e4hrung &#8211; 10 Liter<\/h1>\n<\/header>\n<section><strong>Standard BLOW A&amp;B nutrition 10 Liter<\/strong> ist f\u00fcr Z\u00fcchter gedacht, die das Beste f\u00fcr ihre bl\u00fchenden Pflanzen wollen. W\u00e4hrend der Bl\u00fctephase ist die richtige Ern\u00e4hrung entscheidend f\u00fcr einen maximalen Ertrag. Diese <em>Zweikomponentennahrung<\/em> (A &amp; B) liefert alle notwendigen N\u00e4hrstoffe, um Bl\u00fcten und Fr\u00fcchte optimal zu entwickeln.<\/p>\n<p>Sowohl f\u00fcr <strong>Boden- als auch f\u00fcr Wassersysteme<\/strong> geeignet und einfach in der Anwendung. Dieser N\u00e4hrstoff wird <strong>t\u00e4glich gef\u00fcttert<\/strong> und sollte w\u00e4hrend der Bl\u00fctephase dem Futterwasser zugesetzt werden.<\/p>\n<\/section>\n<section>\n<h2>Vorteile von BLOEI 10L<\/h2>\n<ul>\n<li>\u2705 Gro\u00dfe Kapazit\u00e4t f\u00fcr den Langzeitgebrauch oder professionelle Z\u00fcchter<\/li>\n<li>\u2705 Komplette N\u00e4hrstoffl\u00f6sung f\u00fcr bl\u00fchende Pflanzen<\/li>\n<li>\u2705 pH-stabil und aus hochwertigen D\u00fcngemitteln hergestellt<\/li>\n<li>\u2705 Geeignet f\u00fcr Boden- und Wassersysteme<\/li>\n<li>\u2705 Zwei-Komponenten-System f\u00fcr optimale Absorption<\/li>\n<\/ul>\n<\/section>\n<section>\n<h2>Inhalt &amp; Komposition<\/h2>\n<p><strong>10-Liter-Packung:<\/strong><br \/>\n&#8211; 10L Standard BLOW A<br \/>\n&#8211; 10L Standard BLOW B<br \/>\nF\u00fcr maximale Bl\u00fchkraft und Qualit\u00e4t.<\/p>\n<\/section>\n<section>\n<h2>Benutzerhandbuch<\/h2>\n<ol>\n<li>F\u00fcllen Sie Ihren Wassertank mit sauberem Wasser.<\/li>\n<li>F\u00fcgen Sie zuerst <strong>BLOW A<\/strong> hinzu und mischen Sie gut.<\/li>\n<li>F\u00fcgen Sie dann <strong>BLOW B<\/strong> hinzu und r\u00fchren Sie erneut.<\/li>\n<li>Pr\u00fcfen und korrigieren Sie den pH-Wert, falls erforderlich.<\/li>\n<li>Geben Sie t\u00e4glich w\u00e4hrend der Bl\u00fctephase.<\/li>\n<\/ol>\n<\/section>\n<section>\n<h2>Jetzt bestellen<\/h2>\n<p>Sorgen Sie f\u00fcr eine reiche und kr\u00e4ftige Bl\u00fcte mit <strong>BLOEI A&amp;B nutrition 10 Liter<\/strong>. Bestellen Sie noch heute bequem online.<\/p>\n<p>10L BLUE Nutrition bestellen<\/p>\n<\/section>\n<footer><em>Hinweis:<\/em> F\u00fcr einen vollst\u00e4ndigen Wachstumszyklus verwenden Sie unseren N\u00e4hrstoff GROWTH A&amp;B vor der Bl\u00fctephase.<\/p>\n<\/footer>\n<p>&nbsp;<\/p>\n","protected":false},"excerpt":{"rendered":"<p>Standard BLOW A&amp;B nutrition 10 Liter ist f\u00fcr Z\u00fcchter gedacht, die das Beste f\u00fcr ihre bl\u00fchenden Pflanzen wollen. W\u00e4hrend der Bl\u00fctephase ist die richtige Ern\u00e4hrung entscheidend f\u00fcr einen maximalen Ertrag. Diese <em>Zweikomponentennahrung<\/em> (A &amp; B) liefert alle notwendigen N\u00e4hrstoffe, um Bl\u00fcten und Fr\u00fcchte optimal zu entwickeln.<\/p>\n<p>Sowohl f\u00fcr Boden- als auch f\u00fcr Wassersysteme geeignet und einfach in der Anwendung. Dieser N\u00e4hrstoff wird t\u00e4glich gef\u00fcttert und sollte w\u00e4hrend der gesamten Bl\u00fctephase dem Futterwasser zugesetzt werden.<\/p>\n","protected":false},"featured_media":25321,"template":"","meta":[],"product_brand":[],"product_cat":[425,344],"product_tag":[],"class_list":{"0":"post-28622","1":"product","2":"type-product","3":"status-publish","4":"has-post-thumbnail","6":"product_cat-ferro-de","7":"product_cat-pflanzennahrung","9":"first","10":"instock","11":"taxable","12":"shipping-taxable","13":"purchasable","14":"product-type-simple"},"_links":{"self":[{"href":"https:\/\/www.greendiscounter.com\/de\/wp-json\/wp\/v2\/product\/28622","targetHints":{"allow":["GET"]}}],"collection":[{"href":"https:\/\/www.greendiscounter.com\/de\/wp-json\/wp\/v2\/product"}],"about":[{"href":"https:\/\/www.greendiscounter.com\/de\/wp-json\/wp\/v2\/types\/product"}],"version-history":[{"count":1,"href":"https:\/\/www.greendiscounter.com\/de\/wp-json\/wp\/v2\/product\/28622\/revisions"}],"predecessor-version":[{"id":42644,"href":"https:\/\/www.greendiscounter.com\/de\/wp-json\/wp\/v2\/product\/28622\/revisions\/42644"}],"wp:featuredmedia":[{"embeddable":true,"href":"https:\/\/www.greendiscounter.com\/de\/wp-json\/wp\/v2\/media\/25321"}],"wp:attachment":[{"href":"https:\/\/www.greendiscounter.com\/de\/wp-json\/wp\/v2\/media?parent=28622"}],"wp:term":[{"taxonomy":"product_brand","embeddable":true,"href":"https:\/\/www.greendiscounter.com\/de\/wp-json\/wp\/v2\/product_brand?post=28622"},{"taxonomy":"product_cat","embeddable":true,"href":"https:\/\/www.greendiscounter.com\/de\/wp-json\/wp\/v2\/product_cat?post=28622"},{"taxonomy":"product_tag","embeddable":true,"href":"https:\/\/www.greendiscounter.com\/de\/wp-json\/wp\/v2\/product_tag?post=28622"}],"curies":[{"name":"wp","href":"https:\/\/api.w.org\/{rel}","templated":true}]}}