 {"id":28615,"date":"2023-11-14T12:24:55","date_gmt":"2023-11-14T11:24:55","guid":{"rendered":"https:\/\/www.greendiscounter.com\/\/product\/ferro-pk-angereichert-10-ltr\/"},"modified":"2025-08-29T12:01:06","modified_gmt":"2025-08-29T10:01:06","slug":"ferro-pk-angereichert-10-ltr","status":"publish","type":"product","link":"https:\/\/www.greendiscounter.com\/de\/ferro-pk-angereichert-10-ltr\/","title":{"rendered":"Ferro | PK angereichert | Bl\u00fchstimulator | 10 ltr"},"content":{"rendered":"<header>\n<h1>Ferro PK Bloom Booster Angereichert &#8211; 10 Liter<\/h1>\n<\/header>\n<section><strong>Ferro PK Bloom Booster Enriched 10 Liter<\/strong> wurde f\u00fcr professionelle Z\u00fcchter entwickelt, die eine explosive Bl\u00fcte erreichen wollen. Dieser leistungsstarke PK-Booster versorgt Pflanzen mit essentiellen <strong>Phosphaten (P)<\/strong> und <strong>Kalium (K)<\/strong> in hoher Konzentration, kombiniert mit <strong>Pflanzenhormonen, Aminos\u00e4uren<\/strong> und mehr als 50 Spurenelementen.<\/p>\n<p>Verwenden Sie diesen Booster w\u00e4hrend der gesamten Bl\u00fctephase, um qualitativ hochwertige Bl\u00fcten zu erhalten. Geeignet f\u00fcr den Einsatz in Boden- und Wassersystemen.<\/p>\n<\/section>\n<section>\n<h2>Vorteile von PK Bloeibooster 10L<\/h2>\n<ul>\n<li>\u2705 Hohe Konzentration von P und K f\u00fcr maximale Bl\u00fcte<\/li>\n<li>\u2705 Angereichert mit Aminos\u00e4uren und Pflanzenhormonen<\/li>\n<li>\u2705 Perfekt f\u00fcr professionelle Z\u00fcchter und gro\u00dfe Projekte<\/li>\n<li>\u2705 Geeignet f\u00fcr Boden- und Wassersysteme<\/li>\n<li>\u2705 Unterst\u00fctzt eine kr\u00e4ftige und \u00fcppige Bl\u00fcte<\/li>\n<\/ul>\n<\/section>\n<section>\n<h2>Anwendung &amp; Dosierung<\/h2>\n<p>Verwenden Sie <strong>Ferro PK Bloom Booster Enriched<\/strong> t\u00e4glich w\u00e4hrend der Bl\u00fctephase. Mischen Sie es gut mit Ihrem Basisd\u00fcnger und \u00fcberpr\u00fcfen Sie den pH- und EC-Wert f\u00fcr eine optimale Aufnahme.<\/p>\n<\/section>\n<section>\n<h2>Jetzt bestellen<\/h2>\n<p>Sichern Sie sich eine unvergleichliche Bl\u00fcte und bestellen Sie jetzt <strong>Ferro PK Bloom Booster Enriched 10 Liter<\/strong>.<\/p>\n<\/section>\n<footer><em>Tipp:<\/em> F\u00fcr ultimative Ergebnisse verwenden Sie diesen Booster zusammen mit BLOEI A&amp;B nutrition und \u00fcberpr\u00fcfen Sie regelm\u00e4\u00dfig Ihren pH- und EC-Wert.<\/p>\n<\/footer>\n<p>&nbsp;<\/p>\n","protected":false},"excerpt":{"rendered":"<p>Ferro PK Bloom Booster Enriched 10 Liter wurde f\u00fcr professionelle Z\u00fcchter entwickelt, die eine explosive Bl\u00fcte erreichen wollen. Dieser leistungsstarke PK-Booster versorgt Pflanzen mit essentiellen Phosphaten (P) und Kalium (K) in hoher Konzentration, kombiniert mit Pflanzenhormonen, Aminos\u00e4uren und mehr als 50 Spurenelementen.<\/p>\n<p>Verwenden Sie diesen Booster w\u00e4hrend der gesamten Bl\u00fctephase, um qualitativ hochwertige Bl\u00fcten zu erhalten. Geeignet f\u00fcr den Einsatz in Boden- und Wassersystemen.<\/p>\n","protected":false},"featured_media":25315,"template":"","meta":[],"product_brand":[],"product_cat":[425,344],"product_tag":[],"class_list":{"0":"post-28615","1":"product","2":"type-product","3":"status-publish","4":"has-post-thumbnail","6":"product_cat-ferro-de","7":"product_cat-pflanzennahrung","9":"first","10":"instock","11":"taxable","12":"shipping-taxable","13":"purchasable","14":"product-type-simple"},"_links":{"self":[{"href":"https:\/\/www.greendiscounter.com\/de\/wp-json\/wp\/v2\/product\/28615","targetHints":{"allow":["GET"]}}],"collection":[{"href":"https:\/\/www.greendiscounter.com\/de\/wp-json\/wp\/v2\/product"}],"about":[{"href":"https:\/\/www.greendiscounter.com\/de\/wp-json\/wp\/v2\/types\/product"}],"version-history":[{"count":1,"href":"https:\/\/www.greendiscounter.com\/de\/wp-json\/wp\/v2\/product\/28615\/revisions"}],"predecessor-version":[{"id":42653,"href":"https:\/\/www.greendiscounter.com\/de\/wp-json\/wp\/v2\/product\/28615\/revisions\/42653"}],"wp:featuredmedia":[{"embeddable":true,"href":"https:\/\/www.greendiscounter.com\/de\/wp-json\/wp\/v2\/media\/25315"}],"wp:attachment":[{"href":"https:\/\/www.greendiscounter.com\/de\/wp-json\/wp\/v2\/media?parent=28615"}],"wp:term":[{"taxonomy":"product_brand","embeddable":true,"href":"https:\/\/www.greendiscounter.com\/de\/wp-json\/wp\/v2\/product_brand?post=28615"},{"taxonomy":"product_cat","embeddable":true,"href":"https:\/\/www.greendiscounter.com\/de\/wp-json\/wp\/v2\/product_cat?post=28615"},{"taxonomy":"product_tag","embeddable":true,"href":"https:\/\/www.greendiscounter.com\/de\/wp-json\/wp\/v2\/product_tag?post=28615"}],"curies":[{"name":"wp","href":"https:\/\/api.w.org\/{rel}","templated":true}]}}