 {"id":28607,"date":"2023-11-14T12:24:54","date_gmt":"2023-11-14T11:24:54","guid":{"rendered":"https:\/\/www.greendiscounter.com\/\/product\/ferro-pk-angereichert-1-ltr\/"},"modified":"2025-08-29T12:01:13","modified_gmt":"2025-08-29T10:01:13","slug":"ferro-pk-angereichert-1-ltr","status":"publish","type":"product","link":"https:\/\/www.greendiscounter.com\/de\/ferro-pk-angereichert-1-ltr\/","title":{"rendered":"Ferro | PK angereichert | Bl\u00fchstimulator | 1 ltr"},"content":{"rendered":"<p><span style=\"color: #1b1919; font-size: 28px;\">Ferro PK Bloom Booster Angereichert &#8211; 1 Liter<\/span><\/p>\n<section><strong>Ferro PK Bloom Booster Enriched 1 Liter<\/strong> ist die perfekte Erg\u00e4nzung w\u00e4hrend der <strong>Bl\u00fctephase<\/strong> Ihrer Pflanzen. Dieser starke <em>Bl\u00fchstimulator<\/em> versorgt Ihre Pflanzen mit zus\u00e4tzlichen Phosphaten (P) und Kalium (K), Substanzen, die f\u00fcr eine starke und reiche Bl\u00fcte unerl\u00e4sslich sind. Au\u00dferdem ist dieser Booster mit hochwertigen <strong>Pflanzenhormonen, Aminos\u00e4uren<\/strong> und mehr als 50 Spurenelementen angereichert.<\/p>\n<p>Die Kombination aus PK und nat\u00fcrlichen Zusatzstoffen sorgt f\u00fcr eine \u00fcppige Bl\u00fcte und h\u00f6here Ertr\u00e4ge. Geeignet f\u00fcr den Einsatz w\u00e4hrend der gesamten Bl\u00fctephase, sowohl in Boden- als auch in Wassersystemen.<\/p>\n<\/section>\n<section>\n<h2>Vorteile von PK Bloeibooster 1L<\/h2>\n<ul>\n<li>\u2705 Extra Phosphat (P) und Kalium (K) f\u00fcr eine optimale Bl\u00fcte<\/li>\n<li>\u2705 Angereichert mit Pflanzenhormonen und Aminos\u00e4uren<\/li>\n<li>\u2705 Enth\u00e4lt mehr als 50 Spurenelemente<\/li>\n<li>\u2705 Geeignet f\u00fcr Boden- und Wassersysteme<\/li>\n<li>\u2705 Ideal f\u00fcr Hobbyz\u00fcchter<\/li>\n<\/ul>\n<\/section>\n<section>\n<h2>Anwendung &amp; Dosierung<\/h2>\n<p>Geben Sie <strong>Ferro PK Bloom Booster<\/strong> vom Beginn der Bl\u00fctephase bis zum Ende der Bl\u00fctezeit in das Futterwasser. Pr\u00fcfen Sie den EC-Wert und passen Sie ihn gegebenenfalls an.<\/p>\n<\/section>\n<section>\n<h2>Jetzt bestellen<\/h2>\n<p>Geben Sie Ihren Pflanzen die ultimative Bl\u00fchkraft mit <strong>Ferro PK Bloom Booster Enriched 1 Liter<\/strong>. Bestellen Sie noch heute!<\/p>\n<\/section>\n<footer><em>Tipp:<\/em> Kombinieren Sie diesen Booster mit unserer BLOW A&amp;B Ern\u00e4hrung, um die besten Ergebnisse zu erzielen.<\/p>\n<\/footer>\n<p>&nbsp;<\/p>\n","protected":false},"excerpt":{"rendered":"<p>Ferro PK Bloom Booster Enriched 1 Liter ist die perfekte Erg\u00e4nzung w\u00e4hrend der Bl\u00fctephase Ihrer Pflanzen. Dieser starke Bl\u00fchstimulator versorgt Ihre Pflanzen mit zus\u00e4tzlichen Phosphaten (P) und Kalium (K), Substanzen, die f\u00fcr eine starke und reiche Bl\u00fcte unerl\u00e4sslich sind. Au\u00dferdem ist dieser Booster mit hochwertigen Pflanzenhormonen, Aminos\u00e4uren und mehr als 50 Spurenelementen angereichert.<\/p>\n<p>Die Kombination aus PK und nat\u00fcrlichen Zusatzstoffen sorgt f\u00fcr eine \u00fcppige Bl\u00fcte und h\u00f6here Ertr\u00e4ge. Geeignet f\u00fcr den Einsatz w\u00e4hrend der gesamten Bl\u00fctephase, sowohl in Boden- als auch in Wassersystemen.<\/p>\n","protected":false},"featured_media":25313,"template":"","meta":[],"product_brand":[],"product_cat":[425,344],"product_tag":[],"class_list":{"0":"post-28607","1":"product","2":"type-product","3":"status-publish","4":"has-post-thumbnail","6":"product_cat-ferro-de","7":"product_cat-pflanzennahrung","9":"first","10":"instock","11":"taxable","12":"shipping-taxable","13":"purchasable","14":"product-type-simple"},"_links":{"self":[{"href":"https:\/\/www.greendiscounter.com\/de\/wp-json\/wp\/v2\/product\/28607","targetHints":{"allow":["GET"]}}],"collection":[{"href":"https:\/\/www.greendiscounter.com\/de\/wp-json\/wp\/v2\/product"}],"about":[{"href":"https:\/\/www.greendiscounter.com\/de\/wp-json\/wp\/v2\/types\/product"}],"version-history":[{"count":1,"href":"https:\/\/www.greendiscounter.com\/de\/wp-json\/wp\/v2\/product\/28607\/revisions"}],"predecessor-version":[{"id":42657,"href":"https:\/\/www.greendiscounter.com\/de\/wp-json\/wp\/v2\/product\/28607\/revisions\/42657"}],"wp:featuredmedia":[{"embeddable":true,"href":"https:\/\/www.greendiscounter.com\/de\/wp-json\/wp\/v2\/media\/25313"}],"wp:attachment":[{"href":"https:\/\/www.greendiscounter.com\/de\/wp-json\/wp\/v2\/media?parent=28607"}],"wp:term":[{"taxonomy":"product_brand","embeddable":true,"href":"https:\/\/www.greendiscounter.com\/de\/wp-json\/wp\/v2\/product_brand?post=28607"},{"taxonomy":"product_cat","embeddable":true,"href":"https:\/\/www.greendiscounter.com\/de\/wp-json\/wp\/v2\/product_cat?post=28607"},{"taxonomy":"product_tag","embeddable":true,"href":"https:\/\/www.greendiscounter.com\/de\/wp-json\/wp\/v2\/product_tag?post=28607"}],"curies":[{"name":"wp","href":"https:\/\/api.w.org\/{rel}","templated":true}]}}