 {"id":28598,"date":"2023-11-14T12:24:50","date_gmt":"2023-11-14T11:24:50","guid":{"rendered":"https:\/\/www.greendiscounter.com\/\/product\/ferro-enzym-5-ltr\/"},"modified":"2025-08-29T12:01:23","modified_gmt":"2025-08-29T10:01:23","slug":"ferro-enzym-5-ltr","status":"publish","type":"product","link":"https:\/\/www.greendiscounter.com\/de\/ferro-enzym-5-ltr\/","title":{"rendered":"Ferro | Enzyme Plus | Pflanzenst\u00e4rkungsmittel | 5 ltr"},"content":{"rendered":"<header>\n<h1>Ferro Enzyme Plus &#8211; 5 Liter<\/h1>\n<\/header>\n<section><strong>Ferro Enzyme Plus 5 Liter<\/strong> ist ein professionelles <em>nat\u00fcrliches Enzympr\u00e4parat<\/em>, das hilft, alte Wurzelr\u00fcckst\u00e4nde abzubauen und ein gesundes Wurzelumfeld zu unterst\u00fctzen. Diese Formel enth\u00e4lt verschiedene Enzyme, die abgestorbene Pflanzenteile ohne zus\u00e4tzlichen Sauerstoffverbrauch in aufnehmbare N\u00e4hrstoffe umwandeln.<\/p>\n<p>Der Zusatz von <strong>Vitaminen<\/strong> stimuliert die Wurzelentwicklung und erh\u00f6ht die Aufnahmef\u00e4higkeit des Wurzelsystems erheblich. Ein Muss f\u00fcr ein sauberes Substrat und gesunde Pflanzen.<\/p>\n<\/section>\n<section>\n<h2>Vorteile von Enzyme Plus 5L<\/h2>\n<ul>\n<li>\u2705 Beschleunigt die Zersetzung von Wurzelr\u00fcckst\u00e4nden<\/li>\n<li>\u2705 Erh\u00f6ht die Aufnahmef\u00e4higkeit von N\u00e4hrstoffen<\/li>\n<li>\u2705 Enth\u00e4lt wichtige Vitamine f\u00fcr die Gesundheit der Wurzeln<\/li>\n<li>\u2705 H\u00e4lt die N\u00e4hrsalze gut in L\u00f6sung<\/li>\n<li>\u2705 Ideal f\u00fcr mittelgro\u00dfe Anbauprojekte<\/li>\n<\/ul>\n<\/section>\n<section>\n<h2>Anwendung &amp; Dosierung<\/h2>\n<p>Geben Sie es w\u00e4hrend des gesamten Wachstumszyklus zum N\u00e4hrstoffwasser. Kombinieren Sie es mit Grundnahrungsmitteln f\u00fcr eine optimale N\u00e4hrstoffaufnahme.<\/p>\n<\/section>\n<section>\n<h2>Jetzt bestellen<\/h2>\n<p>Optimieren Sie Ihre Ernte und bestellen Sie jetzt <strong>Ferro Enzym Plus 5 Liter<\/strong>.<\/p>\n<\/section>\n<footer><em>Tipp:<\/em> Verwenden Sie Enzym Plus zusammen mit PK Bloeibooster f\u00fcr ein sauberes Wurzelsystem und eine explosive Bl\u00fcte.<\/p>\n<\/footer>\n<p>&nbsp;<\/p>\n","protected":false},"excerpt":{"rendered":"<p>Ferro Enzyme Plus 5 Liter ist ein professionelles <em>nat\u00fcrliches Enzympr\u00e4parat<\/em>, das hilft, alte Wurzelr\u00fcckst\u00e4nde abzubauen und ein gesundes Wurzelumfeld zu unterst\u00fctzen. Diese Formel enth\u00e4lt verschiedene Enzyme, die abgestorbene Pflanzenteile ohne zus\u00e4tzlichen Sauerstoffverbrauch in aufnehmbare N\u00e4hrstoffe umwandeln.<\/p>\n<p>Der Zusatz von Vitaminen stimuliert die Wurzelentwicklung und erh\u00f6ht die Aufnahmef\u00e4higkeit des Wurzelsystems erheblich. Ein Muss f\u00fcr ein sauberes Substrat und gesunde Pflanzen.<\/p>\n","protected":false},"featured_media":25305,"template":"","meta":[],"product_brand":[],"product_cat":[425,344],"product_tag":[],"class_list":{"0":"post-28598","1":"product","2":"type-product","3":"status-publish","4":"has-post-thumbnail","6":"product_cat-ferro-de","7":"product_cat-pflanzennahrung","9":"first","10":"instock","11":"taxable","12":"shipping-taxable","13":"purchasable","14":"product-type-simple"},"_links":{"self":[{"href":"https:\/\/www.greendiscounter.com\/de\/wp-json\/wp\/v2\/product\/28598","targetHints":{"allow":["GET"]}}],"collection":[{"href":"https:\/\/www.greendiscounter.com\/de\/wp-json\/wp\/v2\/product"}],"about":[{"href":"https:\/\/www.greendiscounter.com\/de\/wp-json\/wp\/v2\/types\/product"}],"version-history":[{"count":1,"href":"https:\/\/www.greendiscounter.com\/de\/wp-json\/wp\/v2\/product\/28598\/revisions"}],"predecessor-version":[{"id":42663,"href":"https:\/\/www.greendiscounter.com\/de\/wp-json\/wp\/v2\/product\/28598\/revisions\/42663"}],"wp:featuredmedia":[{"embeddable":true,"href":"https:\/\/www.greendiscounter.com\/de\/wp-json\/wp\/v2\/media\/25305"}],"wp:attachment":[{"href":"https:\/\/www.greendiscounter.com\/de\/wp-json\/wp\/v2\/media?parent=28598"}],"wp:term":[{"taxonomy":"product_brand","embeddable":true,"href":"https:\/\/www.greendiscounter.com\/de\/wp-json\/wp\/v2\/product_brand?post=28598"},{"taxonomy":"product_cat","embeddable":true,"href":"https:\/\/www.greendiscounter.com\/de\/wp-json\/wp\/v2\/product_cat?post=28598"},{"taxonomy":"product_tag","embeddable":true,"href":"https:\/\/www.greendiscounter.com\/de\/wp-json\/wp\/v2\/product_tag?post=28598"}],"curies":[{"name":"wp","href":"https:\/\/api.w.org\/{rel}","templated":true}]}}