 {"id":28591,"date":"2023-11-14T12:24:46","date_gmt":"2023-11-14T11:24:46","guid":{"rendered":"https:\/\/www.greendiscounter.com\/\/product\/ferro-deon-250-ml\/"},"modified":"2025-08-29T12:01:36","modified_gmt":"2025-08-29T10:01:36","slug":"ferro-deon-250-ml","status":"publish","type":"product","link":"https:\/\/www.greendiscounter.com\/de\/ferro-deon-250-ml\/","title":{"rendered":"Ferro | Deon | Blattnahrung | 250 ml"},"content":{"rendered":"<header>\n<h1>Deon Pflanzenst\u00e4rkungsmittel &#8211; 250 ml<\/h1>\n<\/header>\n<section><strong>Deon 250 ml<\/strong> ist ein leistungsstarker <em>Pflanzenbooster<\/em> und Blattd\u00fcnger, der Ihren Pflanzen einen gesunden und kr\u00e4ftigen Start erm\u00f6glicht. Diese Spr\u00fchfl\u00fcssigkeit enth\u00e4lt eine einzigartige Kombination aus <strong>anionischen und kationischen amphoteren Fetts\u00e4uren<\/strong>, die die Produktion von <strong>Alkaloiden<\/strong> in der Pflanze stimulieren. Durch die Anwendung von Deon entsteht eine sch\u00fctzende <strong>Wachsschicht auf den Bl\u00e4ttern<\/strong>, die es sch\u00e4dlichen Organismen wie <strong>pflanzenpathogenen Bakterien, Pilzen, Viren und Insekten<\/strong> erschwert, einzudringen. Dies f\u00fchrt zu einem kr\u00e4ftigeren Wachstum, sogar bei jungen Pflanzen in den ersten Wochen.<\/p>\n<\/section>\n<section>\n<h2>Vorteile von Deon 250 ml<\/h2>\n<ul>\n<li>\u2705 Erh\u00f6ht die nat\u00fcrliche Resistenz gegen Krankheiten und Insekten<\/li>\n<li>\u2705 Bildet eine Schutzschicht auf dem Blatt<\/li>\n<li>\u2705 Stimuliert das Wachstum der unteren Triebe f\u00fcr eine volle Ernte<\/li>\n<li>\u2705 Enth\u00e4lt organische N\u00e4hrstoffe &#8211; echte Blattnahrung<\/li>\n<li>\u2705 Ideal f\u00fcr die Verwendung nach dem Schneiden<\/li>\n<\/ul>\n<\/section>\n<section>\n<h2>Verwendung &amp; Anwendung<\/h2>\n<p>Deon wird vorzugsweise in den ersten Wochen der Pflanzenentwicklung eingesetzt. Spr\u00fchen Sie einen d\u00fcnnen Nebel \u00fcber die Bl\u00e4tter, um einen optimalen Schutz und eine optimale Absorption zu gew\u00e4hrleisten.<br \/>\nAuch geeignet, um Mutterpflanzen nach der Entnahme von Stecklingen leicht zu bespr\u00fchen, damit die Triebe kr\u00e4ftig nachwachsen.<\/p>\n<\/section>\n<section>\n<h2>Jetzt bestellen<\/h2>\n<p>Geben Sie Ihren Pflanzen einen gesunden Start und erh\u00f6hen Sie ihre Widerstandskraft mit <strong>Deon plant booster 250 ml<\/strong>. Bestellen Sie einfach online.<\/p>\n<\/section>\n<footer><em>Tipp:<\/em> Kombinieren Sie Deon mit unserem Wachstumsd\u00fcnger f\u00fcr eine kr\u00e4ftige und gesunde Ernte vom ersten Tag an.<\/footer>\n<p>&nbsp;<\/p>\n","protected":false},"excerpt":{"rendered":"<p>Deon 250 ml ist ein leistungsstarker Pflanzenbooster und Blattd\u00fcnger, der Ihren Pflanzen einen gesunden und kr\u00e4ftigen Start erm\u00f6glicht. Diese Spr\u00fchfl\u00fcssigkeit enth\u00e4lt eine einzigartige Kombination aus anionischen und kationischen amphoteren Fetts\u00e4uren, die die Produktion von Alkaloiden in der Pflanze stimulieren. Alkaloide erh\u00f6hen die nat\u00fcrliche Resistenz gegen Krankheiten, Pilze und Insekten.<\/p>\n<p>Durch die Anwendung von Deon entsteht eine sch\u00fctzende Wachsschicht auf den Bl\u00e4ttern, die das Eindringen von Schadorganismen wie pflanzenpathogenen Bakterien, Pilzen, Viren und Insekten verhindert. Dies f\u00fchrt zu einem kr\u00e4ftigeren Wachstum, sogar bei jungen Pflanzen in den ersten Wochen.<\/p>\n","protected":false},"featured_media":25295,"template":"","meta":[],"product_brand":[],"product_cat":[425,344],"product_tag":[],"class_list":{"0":"post-28591","1":"product","2":"type-product","3":"status-publish","4":"has-post-thumbnail","6":"product_cat-ferro-de","7":"product_cat-pflanzennahrung","9":"first","10":"instock","11":"taxable","12":"shipping-taxable","13":"purchasable","14":"product-type-simple"},"_links":{"self":[{"href":"https:\/\/www.greendiscounter.com\/de\/wp-json\/wp\/v2\/product\/28591","targetHints":{"allow":["GET"]}}],"collection":[{"href":"https:\/\/www.greendiscounter.com\/de\/wp-json\/wp\/v2\/product"}],"about":[{"href":"https:\/\/www.greendiscounter.com\/de\/wp-json\/wp\/v2\/types\/product"}],"version-history":[{"count":1,"href":"https:\/\/www.greendiscounter.com\/de\/wp-json\/wp\/v2\/product\/28591\/revisions"}],"predecessor-version":[{"id":42672,"href":"https:\/\/www.greendiscounter.com\/de\/wp-json\/wp\/v2\/product\/28591\/revisions\/42672"}],"wp:featuredmedia":[{"embeddable":true,"href":"https:\/\/www.greendiscounter.com\/de\/wp-json\/wp\/v2\/media\/25295"}],"wp:attachment":[{"href":"https:\/\/www.greendiscounter.com\/de\/wp-json\/wp\/v2\/media?parent=28591"}],"wp:term":[{"taxonomy":"product_brand","embeddable":true,"href":"https:\/\/www.greendiscounter.com\/de\/wp-json\/wp\/v2\/product_brand?post=28591"},{"taxonomy":"product_cat","embeddable":true,"href":"https:\/\/www.greendiscounter.com\/de\/wp-json\/wp\/v2\/product_cat?post=28591"},{"taxonomy":"product_tag","embeddable":true,"href":"https:\/\/www.greendiscounter.com\/de\/wp-json\/wp\/v2\/product_tag?post=28591"}],"curies":[{"name":"wp","href":"https:\/\/api.w.org\/{rel}","templated":true}]}}