 {"id":28368,"date":"2023-11-14T12:33:51","date_gmt":"2023-11-14T11:33:51","guid":{"rendered":"https:\/\/www.greendiscounter.com\/\/product\/einweg-overall-groesse-m\/"},"modified":"2025-05-27T22:00:23","modified_gmt":"2025-05-27T20:00:23","slug":"einweg-overall-groesse-m","status":"publish","type":"product","link":"https:\/\/www.greendiscounter.com\/de\/einweg-overall-groesse-m\/","title":{"rendered":"Einweg-Overall Gr\u00f6\u00dfe M"},"content":{"rendered":"<p>Latzhose Gr\u00f6\u00dfe M<\/p>\n","protected":false},"excerpt":{"rendered":"<p>Latzhose Gr\u00f6\u00dfe M<\/p>\n","protected":false},"featured_media":26563,"template":"","meta":[],"product_brand":[],"product_cat":[391,374],"product_tag":[],"class_list":{"0":"post-28368","1":"product","2":"type-product","3":"status-publish","4":"has-post-thumbnail","6":"product_cat-schutzkleidung","7":"product_cat-verarbeitung-und-verpackung","9":"first","10":"instock","11":"taxable","12":"shipping-taxable","13":"purchasable","14":"product-type-simple"},"_links":{"self":[{"href":"https:\/\/www.greendiscounter.com\/de\/wp-json\/wp\/v2\/product\/28368","targetHints":{"allow":["GET"]}}],"collection":[{"href":"https:\/\/www.greendiscounter.com\/de\/wp-json\/wp\/v2\/product"}],"about":[{"href":"https:\/\/www.greendiscounter.com\/de\/wp-json\/wp\/v2\/types\/product"}],"version-history":[{"count":0,"href":"https:\/\/www.greendiscounter.com\/de\/wp-json\/wp\/v2\/product\/28368\/revisions"}],"wp:featuredmedia":[{"embeddable":true,"href":"https:\/\/www.greendiscounter.com\/de\/wp-json\/wp\/v2\/media\/26563"}],"wp:attachment":[{"href":"https:\/\/www.greendiscounter.com\/de\/wp-json\/wp\/v2\/media?parent=28368"}],"wp:term":[{"taxonomy":"product_brand","embeddable":true,"href":"https:\/\/www.greendiscounter.com\/de\/wp-json\/wp\/v2\/product_brand?post=28368"},{"taxonomy":"product_cat","embeddable":true,"href":"https:\/\/www.greendiscounter.com\/de\/wp-json\/wp\/v2\/product_cat?post=28368"},{"taxonomy":"product_tag","embeddable":true,"href":"https:\/\/www.greendiscounter.com\/de\/wp-json\/wp\/v2\/product_tag?post=28368"}],"curies":[{"name":"wp","href":"https:\/\/api.w.org\/{rel}","templated":true}]}}