 {"id":28330,"date":"2023-11-14T12:19:48","date_gmt":"2023-11-14T11:19:48","guid":{"rendered":"https:\/\/www.greendiscounter.com\/\/product\/bcuzz-wurzelstimulator-5-ltr\/"},"modified":"2025-08-29T11:37:03","modified_gmt":"2025-08-29T09:37:03","slug":"bcuzz-wurzelstimulator-5-ltr","status":"publish","type":"product","link":"https:\/\/www.greendiscounter.com\/de\/bcuzz-wurzelstimulator-5-ltr\/","title":{"rendered":"Atami B&#8217;cuzz | Wurzelstimulator | 5 ltr."},"content":{"rendered":"<div data-mce-fragment=\"1\"><span data-mce-fragment=\"1\">Unterst\u00fctzt die Wurzelbildung und die Widerstandsf\u00e4higkeit der Pflanzen. Ideal f\u00fcr vorbewurzelte Stecklinge.<\/span><\/div>\n<div data-mce-fragment=\"1\"><\/div>\n<div data-mce-fragment=\"1\">\n<div data-mce-fragment=\"1\"><span data-mce-fragment=\"1\">Geeignet f\u00fcr eine breite Palette von Obst und Gem\u00fcse, wie Kartoffeln und S\u00fc\u00dfkartoffeln. Es kann auch f\u00fcr bl\u00fchende Zierpflanzen (z.B. Chrysanthemen, Tulpen, Muscari) verwendet werden.<br data-mce-fragment=\"1\"><br data-mce-fragment=\"1\"><\/span><\/p>\n<p data-mce-fragment=\"1\"><strong data-mce-fragment=\"1\">Toepassing:<\/strong><\/p>\n<p data-mce-fragment=\"1\">F\u00fcgen Sie es ab der ersten Woche dem Futterwasser hinzu. Kann t\u00e4glich zur Bew\u00e4sserung der Ernte verwendet werden. Ab der zweiten Woche ersetzen Sie es durch B&#8217;cuzz Booster.<\/p>\n<p data-mce-fragment=\"1\"><span data-mce-fragment=\"1\"> <\/span>D<strong data-mce-fragment=\"1\">osierung<\/strong> (1:1000): 1ml pro Liter N\u00e4hrstoffl\u00f6sung.<\/p>\n<p data-mce-fragment=\"1\"><strong data-mce-fragment=\"1\">Gebruik: Bij kamertemperatuur bewaren. Goed schudden voor gebruik. Buiten bereik van kinderen houden. Na openen beperkt houdbaar. Niet om in te nemen. De producent stelt zich niet aansprakelijk voor eventuele ontstane schade conform onze algemene voorwaarden.<\/strong><\/p>\n<\/div>\n<\/div>\n","protected":false},"excerpt":{"rendered":"<p>Unterst\u00fctzt die Wurzelbildung und die Widerstandsf\u00e4higkeit der Pflanzen. Ideal f\u00fcr vorbewurzelte Stecklinge. Geeignet f\u00fcr eine breite Palette von Obst und Gem\u00fcse, wie Kartoffeln und S\u00fc\u00dfkartoffeln.<\/p>\n","protected":false},"featured_media":24693,"template":"","meta":[],"product_brand":[],"product_cat":[388,344],"product_tag":[],"class_list":{"0":"post-28330","1":"product","2":"type-product","3":"status-publish","4":"has-post-thumbnail","6":"product_cat-atami-bcuzz-de","7":"product_cat-pflanzennahrung","9":"first","10":"instock","11":"taxable","12":"shipping-taxable","13":"purchasable","14":"product-type-simple"},"_links":{"self":[{"href":"https:\/\/www.greendiscounter.com\/de\/wp-json\/wp\/v2\/product\/28330","targetHints":{"allow":["GET"]}}],"collection":[{"href":"https:\/\/www.greendiscounter.com\/de\/wp-json\/wp\/v2\/product"}],"about":[{"href":"https:\/\/www.greendiscounter.com\/de\/wp-json\/wp\/v2\/types\/product"}],"version-history":[{"count":1,"href":"https:\/\/www.greendiscounter.com\/de\/wp-json\/wp\/v2\/product\/28330\/revisions"}],"predecessor-version":[{"id":42506,"href":"https:\/\/www.greendiscounter.com\/de\/wp-json\/wp\/v2\/product\/28330\/revisions\/42506"}],"wp:featuredmedia":[{"embeddable":true,"href":"https:\/\/www.greendiscounter.com\/de\/wp-json\/wp\/v2\/media\/24693"}],"wp:attachment":[{"href":"https:\/\/www.greendiscounter.com\/de\/wp-json\/wp\/v2\/media?parent=28330"}],"wp:term":[{"taxonomy":"product_brand","embeddable":true,"href":"https:\/\/www.greendiscounter.com\/de\/wp-json\/wp\/v2\/product_brand?post=28330"},{"taxonomy":"product_cat","embeddable":true,"href":"https:\/\/www.greendiscounter.com\/de\/wp-json\/wp\/v2\/product_cat?post=28330"},{"taxonomy":"product_tag","embeddable":true,"href":"https:\/\/www.greendiscounter.com\/de\/wp-json\/wp\/v2\/product_tag?post=28330"}],"curies":[{"name":"wp","href":"https:\/\/api.w.org\/{rel}","templated":true}]}}