 {"id":28324,"date":"2023-11-14T12:19:44","date_gmt":"2023-11-14T11:19:44","guid":{"rendered":"https:\/\/www.greendiscounter.com\/\/product\/bcuzz-bodenverbesserer-universal-1-ltr\/"},"modified":"2025-08-29T11:37:31","modified_gmt":"2025-08-29T09:37:31","slug":"bcuzz-bodenverbesserer-universal-1-ltr","status":"publish","type":"product","link":"https:\/\/www.greendiscounter.com\/de\/bcuzz-bodenverbesserer-universal-1-ltr\/","title":{"rendered":"Atami B&#8217;cuzz | Soil Booster Universal | 1 ltr"},"content":{"rendered":"<div data-mce-fragment=\"1\"><span data-mce-fragment=\"1\">Gibt der Pflanze einen nat\u00fcrlichen Schub w\u00e4hrend der Wachstums- und Bl\u00fctezeit. Enth\u00e4lt alle Komponenten f\u00fcr den Zitronens\u00e4urezyklus. Speziell f\u00fcr den Anbau auf dem Boden entwickelt.<\/span><\/div>\n<div data-mce-fragment=\"1\"><\/div>\n<div data-mce-fragment=\"1\">\n<div data-mce-fragment=\"1\">\n<p><span data-mce-fragment=\"1\"><span data-mce-fragment=\"1\">Geeignet f\u00fcr eine Vielzahl von Gem\u00fcse, Obst, Kr\u00e4utern und Gew\u00fcrzen wie Salat, Spinat, Kohl, Gurken, Koriander, Schnittlauch usw.<\/span><\/span><\/p>\n<p><strong>Toepassing:<\/strong><br \/>\nF\u00fcgen Sie es ab der Wachstumsphase dem Futterwasser hinzu. Kann w\u00e4hrend der Wachstumsphase t\u00e4glich zur Bew\u00e4sserung der Pflanzen verwendet werden.<\/p>\n<p><strong>Kweektip:<\/strong><br \/>\nAtami empfiehlt die Verwendung von Soil Booster in Kombination mit dem B&#8217;cuzz Bl\u00fchstimulator f\u00fcr optimale Ergebnisse.<\/p>\n<p><strong>Dosierung:<\/strong> 0,1 &#8211; 0,5 ml pro Liter N\u00e4hrl\u00f6sung.<\/p>\n<p><strong>Achtung: Bei Zimmertemperatur aufbewahren. Goed schudden voor gebruik. Buiten bereik van kinderen houden. Na openen beperkt houdbaar. Niet om in te nemen. De producent stelt zich niet aansprakelijk voor eventuele ontstane schade conform onze algemene voorwaarden.<\/strong><\/p>\n<p>&nbsp;<\/p>\n<\/div>\n<\/div>\n","protected":false},"excerpt":{"rendered":"<p>Gibt der Pflanze einen nat\u00fcrlichen Schub w\u00e4hrend der Wachstums- und Bl\u00fctezeit. Enth\u00e4lt alle Komponenten f\u00fcr den Zitronens\u00e4urezyklus. Speziell f\u00fcr den Anbau auf dem Boden entwickelt.<\/p>\n","protected":false},"featured_media":24687,"template":"","meta":[],"product_brand":[],"product_cat":[388,344],"product_tag":[],"class_list":{"0":"post-28324","1":"product","2":"type-product","3":"status-publish","4":"has-post-thumbnail","6":"product_cat-atami-bcuzz-de","7":"product_cat-pflanzennahrung","9":"first","10":"instock","11":"taxable","12":"shipping-taxable","13":"purchasable","14":"product-type-simple"},"_links":{"self":[{"href":"https:\/\/www.greendiscounter.com\/de\/wp-json\/wp\/v2\/product\/28324","targetHints":{"allow":["GET"]}}],"collection":[{"href":"https:\/\/www.greendiscounter.com\/de\/wp-json\/wp\/v2\/product"}],"about":[{"href":"https:\/\/www.greendiscounter.com\/de\/wp-json\/wp\/v2\/types\/product"}],"version-history":[{"count":1,"href":"https:\/\/www.greendiscounter.com\/de\/wp-json\/wp\/v2\/product\/28324\/revisions"}],"predecessor-version":[{"id":42523,"href":"https:\/\/www.greendiscounter.com\/de\/wp-json\/wp\/v2\/product\/28324\/revisions\/42523"}],"wp:featuredmedia":[{"embeddable":true,"href":"https:\/\/www.greendiscounter.com\/de\/wp-json\/wp\/v2\/media\/24687"}],"wp:attachment":[{"href":"https:\/\/www.greendiscounter.com\/de\/wp-json\/wp\/v2\/media?parent=28324"}],"wp:term":[{"taxonomy":"product_brand","embeddable":true,"href":"https:\/\/www.greendiscounter.com\/de\/wp-json\/wp\/v2\/product_brand?post=28324"},{"taxonomy":"product_cat","embeddable":true,"href":"https:\/\/www.greendiscounter.com\/de\/wp-json\/wp\/v2\/product_cat?post=28324"},{"taxonomy":"product_tag","embeddable":true,"href":"https:\/\/www.greendiscounter.com\/de\/wp-json\/wp\/v2\/product_tag?post=28324"}],"curies":[{"name":"wp","href":"https:\/\/api.w.org\/{rel}","templated":true}]}}