 {"id":28296,"date":"2023-11-14T12:19:07","date_gmt":"2023-11-14T11:19:07","guid":{"rendered":"https:\/\/www.greendiscounter.com\/\/product\/ata-xl-1-ltr\/"},"modified":"2025-08-29T11:38:59","modified_gmt":"2025-08-29T09:38:59","slug":"ata-xl-1-ltr","status":"publish","type":"product","link":"https:\/\/www.greendiscounter.com\/de\/ata-xl-1-ltr\/","title":{"rendered":"Atami | ATA XL | 1 ltr"},"content":{"rendered":"<section>\n<h1>ATA-XL 1L &#8211; Wachstums- und Bl\u00fchstimulator f\u00fcr starke Wurzeln und reiche Ernte<\/h1>\n<p><strong>ATA-XL 1 Liter<\/strong> ist ein einzigartiger <strong>Wachstums- und Bl\u00fchstimulator<\/strong>, der die Pflanzen in beiden entscheidenden Phasen des Anbaus unterst\u00fctzt. Dieses universelle Pflanzenfutter von <strong>Atami<\/strong> enth\u00e4lt <strong>Pflanzenextrakte, Humins\u00e4uren<\/strong> und eine ausgewogene Menge an <strong>mineralischen PK-Elementen (2-2)<\/strong>. So erh\u00e4lt die Pflanze von der Wurzelentwicklung bis zur Bl\u00fcte genau das, was sie f\u00fcr optimales Wachstum, Bl\u00fcte und Fruchtbildung braucht.<\/p>\n<h2>Vorteile von ATA-XL 1L<\/h2>\n<ul>\n<li>Stimuliert ein kr\u00e4ftiges Wurzelwachstum und eine bessere N\u00e4hrstoffaufnahme<\/li>\n<li>F\u00f6rdert die Bl\u00fctenentwicklung und erh\u00f6ht die Fruchtmasse<\/li>\n<li>Humins\u00e4uren haben eine chelatbildende Wirkung und erh\u00f6hen die Verf\u00fcgbarkeit von Mineralien<\/li>\n<li>Ideale Unterst\u00fctzung beim \u00dcbergang vom Wachstum zur Bl\u00fcte<\/li>\n<li>Anwendbar auf Erde, Kokos und Hydrokulturen<\/li>\n<\/ul>\n<h2>Anwendung und Dosierung<\/h2>\n<p>Verwenden Sie <strong>ATA-XL ab dem Zeitpunkt, an dem sich die Wurzelstruktur bildet<\/strong>, w\u00e4hrend des gesamten Kulturzyklus. Zus\u00e4tzlich zur regul\u00e4ren NPK-Ern\u00e4hrung hinzuf\u00fcgen.<\/p>\n<p><strong>Dosierung:<\/strong> 1 ml pro Liter Speisewasser.<\/p>\n<h2>Geeignet f\u00fcr:<\/h2>\n<ul>\n<li>Obstkulturen wie Erdbeeren, Himbeeren und Heidelbeeren<\/li>\n<li>Kr\u00e4uter und Gem\u00fcsekulturen<\/li>\n<li>Bl\u00fchende Zierpflanzen wie Orchideen und Anthurien<\/li>\n<\/ul>\n<h2>NPK-Verh\u00e4ltnis<\/h2>\n<p><strong>PK:<\/strong> 2-2 (W\/W)<\/p>\n<p><em>ATA-XL 1 Liter ist perfekt f\u00fcr den Heimanbauer oder den semiprofessionellen Anbauer, der maximale Ertr\u00e4ge und eine gesunde Pflanzenentwicklung anstrebt.<\/em><\/p>\n<\/section>\n","protected":false},"excerpt":{"rendered":"<p>ATA-XL 1 Liter ist ein einzigartiger Wachstums- und Bl\u00fchstimulator, der die Pflanzen in beiden entscheidenden Phasen des Anbaus unterst\u00fctzt. Dieses universelle Pflanzenfutter von Atami enth\u00e4lt Pflanzenextrakte, Humins\u00e4uren und eine ausgewogene Menge an mineralischen PK-Elementen (2-2). So erh\u00e4lt die Pflanze von der Wurzelentwicklung bis zur Bl\u00fcte genau das, was sie f\u00fcr optimales Wachstum, Bl\u00fcte und Fruchtbildung braucht.<\/p>\n","protected":false},"featured_media":24595,"template":"","meta":[],"product_brand":[1050],"product_cat":[388,344],"product_tag":[],"class_list":{"0":"post-28296","1":"product","2":"type-product","3":"status-publish","4":"has-post-thumbnail","6":"product_brand-atami","7":"product_cat-atami-bcuzz-de","8":"product_cat-pflanzennahrung","10":"first","11":"instock","12":"taxable","13":"shipping-taxable","14":"purchasable","15":"product-type-simple"},"_links":{"self":[{"href":"https:\/\/www.greendiscounter.com\/de\/wp-json\/wp\/v2\/product\/28296","targetHints":{"allow":["GET"]}}],"collection":[{"href":"https:\/\/www.greendiscounter.com\/de\/wp-json\/wp\/v2\/product"}],"about":[{"href":"https:\/\/www.greendiscounter.com\/de\/wp-json\/wp\/v2\/types\/product"}],"version-history":[{"count":1,"href":"https:\/\/www.greendiscounter.com\/de\/wp-json\/wp\/v2\/product\/28296\/revisions"}],"predecessor-version":[{"id":42599,"href":"https:\/\/www.greendiscounter.com\/de\/wp-json\/wp\/v2\/product\/28296\/revisions\/42599"}],"wp:featuredmedia":[{"embeddable":true,"href":"https:\/\/www.greendiscounter.com\/de\/wp-json\/wp\/v2\/media\/24595"}],"wp:attachment":[{"href":"https:\/\/www.greendiscounter.com\/de\/wp-json\/wp\/v2\/media?parent=28296"}],"wp:term":[{"taxonomy":"product_brand","embeddable":true,"href":"https:\/\/www.greendiscounter.com\/de\/wp-json\/wp\/v2\/product_brand?post=28296"},{"taxonomy":"product_cat","embeddable":true,"href":"https:\/\/www.greendiscounter.com\/de\/wp-json\/wp\/v2\/product_cat?post=28296"},{"taxonomy":"product_tag","embeddable":true,"href":"https:\/\/www.greendiscounter.com\/de\/wp-json\/wp\/v2\/product_tag?post=28296"}],"curies":[{"name":"wp","href":"https:\/\/api.w.org\/{rel}","templated":true}]}}