 {"id":28278,"date":"2023-11-14T12:18:57","date_gmt":"2023-11-14T11:18:57","guid":{"rendered":"https:\/\/www.greendiscounter.com\/\/product\/ata-rootbastic-500-ml\/"},"modified":"2025-08-29T11:39:20","modified_gmt":"2025-08-29T09:39:20","slug":"ata-rootbastic-500-ml","status":"publish","type":"product","link":"https:\/\/www.greendiscounter.com\/de\/ata-rootbastic-500-ml\/","title":{"rendered":"Atami | ATA Rootbastic | 500 ml"},"content":{"rendered":"<section>\n<h1>Rootbastic 500 ml &#8211; Hochwertiger Wurzelstimulator f\u00fcr explosionsartiges Wachstum<\/h1>\n<p><strong>Rootbastic 500 ml<\/strong> ist ein professioneller wurzelstimulierender Zusatzstoff mit einem ungew\u00f6hnlich hohen <strong>NPK-Verh\u00e4ltnis von 4-14-4<\/strong>. Angereichert mit <strong>Pflanzenextrakten, Spurenelementen und Aminos\u00e4uren<\/strong> ist diese Formel speziell f\u00fcr eine optimale Wurzelentwicklung in der fr\u00fchen Wachstumsphase der Pflanzen konzipiert.<\/p>\n<h2>Warum Rootbastic w\u00e4hlen?<\/h2>\n<ul>\n<li>Phosphor f\u00f6rdert die Energiespeicherung, die Zellteilung und den Aufbau der DNA<\/li>\n<li>Kalium tr\u00e4gt zur Entwicklung von starken Wurzelzellen bei<\/li>\n<li>Aminos\u00e4uren und Spurenelemente unterst\u00fctzen ein schnelles Wurzelwachstum<\/li>\n<li>Erh\u00f6ht die elektrische Leitf\u00e4higkeit (EC) des Grundn\u00e4hrstoffs<\/li>\n<li>Ideal f\u00fcr Hydrokulturen, Kokos und Erde<\/li>\n<\/ul>\n<h2>Anwendung &amp; Dosierung<\/h2>\n<p>Wenden Sie Rootbastic w\u00e4hrend der ersten drei Wochen der Wachstumsphase an:<\/p>\n<ul>\n<li><strong>Woche 1:<\/strong> 0,1 ml\/l Wasser<\/li>\n<li><strong>Woche 2:<\/strong> 0,2 ml\/l Wasser<\/li>\n<li><strong>Woche 3:<\/strong> 0,3 ml\/l Wasser<\/li>\n<\/ul>\n<p>Sch\u00fctteln Sie es vor Gebrauch gut und kombinieren Sie es mit Ihrem bestehenden Basisn\u00e4hrstoff, um beste Ergebnisse zu erzielen.<\/p>\n<h2>Anwendungen<\/h2>\n<ul>\n<li>Geeignet f\u00fcr Obst, Gem\u00fcse und Kr\u00e4uter wie Gurken, Zucchini, K\u00fcrbis, Rettich und Kartoffeln<\/li>\n<li>Anwendbar f\u00fcr den Innen- und Au\u00dfenanbau<\/li>\n<li>Perfekt f\u00fcr ernsthafte Hobby- und semiprofessionelle Z\u00fcchter<\/li>\n<\/ul>\n<p><em>Rootbastic 500 ml bietet ein ausgezeichnetes Gleichgewicht zwischen Leistung und Benutzerfreundlichkeit und ist ideal f\u00fcr mittelgro\u00dfe Anbauprojekte.<\/em><\/p>\n<\/section>\n","protected":false},"excerpt":{"rendered":"<p>Rootbastic 500 ml ist ein professioneller wurzelstimulierender Zusatzstoff mit einem ungew\u00f6hnlich hohen NPK-Verh\u00e4ltnis von 4-14-4. Angereichert mit Pflanzenextrakten, Spurenelementen und Aminos\u00e4uren ist diese Formel speziell f\u00fcr eine optimale Wurzelentwicklung in der fr\u00fchen Wachstumsphase der Pflanzen konzipiert.<\/p>\n","protected":false},"featured_media":24575,"template":"","meta":[],"product_brand":[1050],"product_cat":[388,344],"product_tag":[],"class_list":{"0":"post-28278","1":"product","2":"type-product","3":"status-publish","4":"has-post-thumbnail","6":"product_brand-atami","7":"product_cat-atami-bcuzz-de","8":"product_cat-pflanzennahrung","10":"first","11":"instock","12":"taxable","13":"shipping-taxable","14":"purchasable","15":"product-type-simple"},"_links":{"self":[{"href":"https:\/\/www.greendiscounter.com\/de\/wp-json\/wp\/v2\/product\/28278","targetHints":{"allow":["GET"]}}],"collection":[{"href":"https:\/\/www.greendiscounter.com\/de\/wp-json\/wp\/v2\/product"}],"about":[{"href":"https:\/\/www.greendiscounter.com\/de\/wp-json\/wp\/v2\/types\/product"}],"version-history":[{"count":1,"href":"https:\/\/www.greendiscounter.com\/de\/wp-json\/wp\/v2\/product\/28278\/revisions"}],"predecessor-version":[{"id":42613,"href":"https:\/\/www.greendiscounter.com\/de\/wp-json\/wp\/v2\/product\/28278\/revisions\/42613"}],"wp:featuredmedia":[{"embeddable":true,"href":"https:\/\/www.greendiscounter.com\/de\/wp-json\/wp\/v2\/media\/24575"}],"wp:attachment":[{"href":"https:\/\/www.greendiscounter.com\/de\/wp-json\/wp\/v2\/media?parent=28278"}],"wp:term":[{"taxonomy":"product_brand","embeddable":true,"href":"https:\/\/www.greendiscounter.com\/de\/wp-json\/wp\/v2\/product_brand?post=28278"},{"taxonomy":"product_cat","embeddable":true,"href":"https:\/\/www.greendiscounter.com\/de\/wp-json\/wp\/v2\/product_cat?post=28278"},{"taxonomy":"product_tag","embeddable":true,"href":"https:\/\/www.greendiscounter.com\/de\/wp-json\/wp\/v2\/product_tag?post=28278"}],"curies":[{"name":"wp","href":"https:\/\/api.w.org\/{rel}","templated":true}]}}