 {"id":28275,"date":"2023-11-14T12:18:59","date_gmt":"2023-11-14T11:18:59","guid":{"rendered":"https:\/\/www.greendiscounter.com\/\/product\/ata-rootfast-1-ltr\/"},"modified":"2025-08-29T11:39:06","modified_gmt":"2025-08-29T09:39:06","slug":"ata-rootfast-1-ltr","status":"publish","type":"product","link":"https:\/\/www.greendiscounter.com\/de\/ata-rootfast-1-ltr\/","title":{"rendered":"Atami | ATA Rootfast | 1 ltr."},"content":{"rendered":"<section>\n<h1>ATA Rootfast 1L &#8211; Hochwertiger Wurzelstimulator f\u00fcr eine gesunde Wurzelentwicklung<\/h1>\n<p><strong>ATA Rootfast 1 Liter<\/strong> ist ein professioneller <strong>wurzelstimulierender Zusatz<\/strong>, der zu einem starken und verzweigten Wurzelsystem beitr\u00e4gt, das in den ersten Phasen des Pflanzenwachstums unerl\u00e4sslich ist. Dank einer ausgewogenen Zusammensetzung und einer hohen Dosis Phosphor tr\u00e4gt Rootfast zur Bildung neuer Zellen, einer erh\u00f6hten Absorptionskapazit\u00e4t und einer erh\u00f6hten Resistenz gegen Bodenkrankheiten bei.<\/p>\n<h2>Vorteile von ATA Rootfast 1L<\/h2>\n<ul>\n<li>Stimuliert ein starkes und tiefes Wurzelgeflecht<\/li>\n<li>Verbessert die Aufnahme von Wasser und N\u00e4hrstoffen<\/li>\n<li>Verhindert Wachstumsstagnation aufgrund von Phosphor-Mangel<\/li>\n<li>Erh\u00f6ht die Resistenz gegen Wurzelkrankheiten wie Pilze und Bakterien<\/li>\n<li>Einsetzbar in allen Anbausystemen (Hydro, Coco, Erde)<\/li>\n<\/ul>\n<h2>Anwendung und Dosierung<\/h2>\n<p><strong>Wenden<\/strong> Sie es in den <strong>Wochen 1 und 2 der Wachstumsphase<\/strong> an, t\u00e4glich mit Bew\u00e4sserung. Dosierung: <strong>0,5 bis 1 ml pro Liter Speisewasser<\/strong>. Vor dem Gebrauch immer gut sch\u00fctteln.<\/p>\n<h2>Weitgehend anwendbar auf:<\/h2>\n<ul>\n<li>Kartoffeln, S\u00fc\u00dfkartoffeln, Hackfr\u00fcchte<\/li>\n<li>Kr\u00e4uter und bl\u00fchende Pflanzen wie Muscari und Chrysanthemen<\/li>\n<li>Alle Formen des Innen- und Au\u00dfenanbaus<\/li>\n<\/ul>\n<h2>NPK-Verh\u00e4ltnis<\/h2>\n<p><strong>P:<\/strong> 5 W\/W<\/p>\n<p><em>ATA Rootfast 1L ist die zuverl\u00e4ssige Wahl f\u00fcr Z\u00fcchter, die auf feste Wurzeln und eine optimale Aufnahme von Anfang an Wert legen.<\/em><\/p>\n<\/section>\n","protected":false},"excerpt":{"rendered":"<p>ATA Rootfast 1 Liter ist ein professioneller wurzelstimulierender Zusatz, der zu einem starken und verzweigten Wurzelsystem beitr\u00e4gt, das in den ersten Phasen des Pflanzenwachstums unerl\u00e4sslich ist. Dank einer ausgewogenen Zusammensetzung und einer hohen Dosis Phosphor tr\u00e4gt Rootfast zur Bildung neuer Zellen, einer erh\u00f6hten Absorptionskapazit\u00e4t und einer erh\u00f6hten Resistenz gegen Bodenkrankheiten bei.<\/p>\n","protected":false},"featured_media":24577,"template":"","meta":[],"product_brand":[1050],"product_cat":[388,344],"product_tag":[],"class_list":{"0":"post-28275","1":"product","2":"type-product","3":"status-publish","4":"has-post-thumbnail","6":"product_brand-atami","7":"product_cat-atami-bcuzz-de","8":"product_cat-pflanzennahrung","10":"first","11":"instock","12":"taxable","13":"shipping-taxable","14":"purchasable","15":"product-type-simple"},"_links":{"self":[{"href":"https:\/\/www.greendiscounter.com\/de\/wp-json\/wp\/v2\/product\/28275","targetHints":{"allow":["GET"]}}],"collection":[{"href":"https:\/\/www.greendiscounter.com\/de\/wp-json\/wp\/v2\/product"}],"about":[{"href":"https:\/\/www.greendiscounter.com\/de\/wp-json\/wp\/v2\/types\/product"}],"version-history":[{"count":1,"href":"https:\/\/www.greendiscounter.com\/de\/wp-json\/wp\/v2\/product\/28275\/revisions"}],"predecessor-version":[{"id":42603,"href":"https:\/\/www.greendiscounter.com\/de\/wp-json\/wp\/v2\/product\/28275\/revisions\/42603"}],"wp:featuredmedia":[{"embeddable":true,"href":"https:\/\/www.greendiscounter.com\/de\/wp-json\/wp\/v2\/media\/24577"}],"wp:attachment":[{"href":"https:\/\/www.greendiscounter.com\/de\/wp-json\/wp\/v2\/media?parent=28275"}],"wp:term":[{"taxonomy":"product_brand","embeddable":true,"href":"https:\/\/www.greendiscounter.com\/de\/wp-json\/wp\/v2\/product_brand?post=28275"},{"taxonomy":"product_cat","embeddable":true,"href":"https:\/\/www.greendiscounter.com\/de\/wp-json\/wp\/v2\/product_cat?post=28275"},{"taxonomy":"product_tag","embeddable":true,"href":"https:\/\/www.greendiscounter.com\/de\/wp-json\/wp\/v2\/product_tag?post=28275"}],"curies":[{"name":"wp","href":"https:\/\/api.w.org\/{rel}","templated":true}]}}