 {"id":28274,"date":"2023-11-14T12:18:56","date_gmt":"2023-11-14T11:18:56","guid":{"rendered":"https:\/\/www.greendiscounter.com\/\/product\/ata-rootbastic-250-ml\/"},"modified":"2025-08-29T11:39:19","modified_gmt":"2025-08-29T09:39:19","slug":"ata-rootbastic-250-ml","status":"publish","type":"product","link":"https:\/\/www.greendiscounter.com\/de\/ata-rootbastic-250-ml\/","title":{"rendered":"Atami | ATA Rootbastic | 250 ml"},"content":{"rendered":"<section>\n<h1>Rootbastic 250 ml &#8211; Kraftvoller Wurzelstimulator mit hohem NPK-Wert<\/h1>\n<p><strong>Rootbastic 250 ml<\/strong> ist ein fortschrittlicher Wurzelstimulator, der speziell f\u00fcr ein explosives Wurzelwachstum in den ersten Wochen der Wachstumsphase entwickelt wurde. Diese kraftvolle Pflanzennahrung enth\u00e4lt einen bemerkenswert hohen <strong>NPK-Wert (4-14-4<\/strong> ) in Kombination mit <strong>essentiellen Spurenelementen, Pflanzenextrakten und Aminos\u00e4uren<\/strong>.<\/p>\n<h2>Vorteile von Rootbastic<\/h2>\n<ul>\n<li>Stimuliert eine schnelle und gesunde Wurzelentwicklung<\/li>\n<li>Enth\u00e4lt eine hohe Konzentration an Phosphor f\u00fcr die Energiespeicherung und Zellteilung<\/li>\n<li>F\u00f6rdert feste Wurzelstrukturen und Aufnahmef\u00e4higkeit<\/li>\n<li>Verbessert die Aufnahme von N\u00e4hrstoffen in der Wachstumsphase<\/li>\n<li>Geeignet f\u00fcr die Verwendung in Erde, Kokos und Hydrokulturen<\/li>\n<\/ul>\n<h2>Anwendung und Dosierung<\/h2>\n<p>Verwenden Sie Rootbastic in den ersten drei Wochen der Wachstumsphase. Goed schudden voor gebruik. Erh\u00f6hen Sie die Dosierung schrittweise f\u00fcr optimale Ergebnisse:<\/p>\n<ul>\n<li><strong>Woche 1:<\/strong> 0,1 ml pro Liter Wasser<\/li>\n<li><strong>Woche 2:<\/strong> 0,2 ml pro Liter Wasser<\/li>\n<li><strong>Woche 3:<\/strong> 0,3 ml pro Liter Wasser<\/li>\n<\/ul>\n<h2>Anwendbar bei:<\/h2>\n<ul>\n<li>Gem\u00fcse wie Zucchini, Gurken, Radieschen und Kartoffeln<\/li>\n<li>Fr\u00fcchte wie K\u00fcrbisse und Melonen<\/li>\n<li>Kr\u00e4uter und aromatische Pflanzen<\/li>\n<\/ul>\n<p><em>Rootbastic 250 ml ist perfekt f\u00fcr Hobbyg\u00e4rtner, die von Anfang an eine gesunde und starke Wurzelentwicklung f\u00f6rdern wollen.<\/em><\/p>\n<\/section>\n","protected":false},"excerpt":{"rendered":"<p>Rootbastic 250 ml ist ein fortschrittlicher Wurzelstimulator, der speziell f\u00fcr ein explosives Wurzelwachstum in den ersten Wochen der Wachstumsphase entwickelt wurde. Diese kraftvolle Pflanzennahrung enth\u00e4lt einen bemerkenswert hohen NPK-Wert (4-14-4) in Kombination mit essentiellen Spurenelementen, Pflanzenextrakten und Aminos\u00e4uren.<\/p>\n","protected":false},"featured_media":24573,"template":"","meta":[],"product_brand":[1050],"product_cat":[388,344],"product_tag":[],"class_list":{"0":"post-28274","1":"product","2":"type-product","3":"status-publish","4":"has-post-thumbnail","6":"product_brand-atami","7":"product_cat-atami-bcuzz-de","8":"product_cat-pflanzennahrung","10":"first","11":"instock","12":"taxable","13":"shipping-taxable","14":"purchasable","15":"product-type-simple"},"_links":{"self":[{"href":"https:\/\/www.greendiscounter.com\/de\/wp-json\/wp\/v2\/product\/28274","targetHints":{"allow":["GET"]}}],"collection":[{"href":"https:\/\/www.greendiscounter.com\/de\/wp-json\/wp\/v2\/product"}],"about":[{"href":"https:\/\/www.greendiscounter.com\/de\/wp-json\/wp\/v2\/types\/product"}],"version-history":[{"count":1,"href":"https:\/\/www.greendiscounter.com\/de\/wp-json\/wp\/v2\/product\/28274\/revisions"}],"predecessor-version":[{"id":42610,"href":"https:\/\/www.greendiscounter.com\/de\/wp-json\/wp\/v2\/product\/28274\/revisions\/42610"}],"wp:featuredmedia":[{"embeddable":true,"href":"https:\/\/www.greendiscounter.com\/de\/wp-json\/wp\/v2\/media\/24573"}],"wp:attachment":[{"href":"https:\/\/www.greendiscounter.com\/de\/wp-json\/wp\/v2\/media?parent=28274"}],"wp:term":[{"taxonomy":"product_brand","embeddable":true,"href":"https:\/\/www.greendiscounter.com\/de\/wp-json\/wp\/v2\/product_brand?post=28274"},{"taxonomy":"product_cat","embeddable":true,"href":"https:\/\/www.greendiscounter.com\/de\/wp-json\/wp\/v2\/product_cat?post=28274"},{"taxonomy":"product_tag","embeddable":true,"href":"https:\/\/www.greendiscounter.com\/de\/wp-json\/wp\/v2\/product_tag?post=28274"}],"curies":[{"name":"wp","href":"https:\/\/api.w.org\/{rel}","templated":true}]}}