 {"id":28271,"date":"2023-11-14T12:18:59","date_gmt":"2023-11-14T11:18:59","guid":{"rendered":"https:\/\/www.greendiscounter.com\/\/product\/ata-rootfast-5-ltr\/"},"modified":"2025-08-29T11:39:13","modified_gmt":"2025-08-29T09:39:13","slug":"ata-rootfast-5-ltr","status":"publish","type":"product","link":"https:\/\/www.greendiscounter.com\/de\/ata-rootfast-5-ltr\/","title":{"rendered":"Atami | ATA Rootfast | 5 ltr."},"content":{"rendered":"<section>\n<h1>ATA Rootfast 5L &#8211; Professioneller Wurzelstimulator f\u00fcr den Gro\u00dfanbau<\/h1>\n<p><strong>ATA Rootfast 5 Liter<\/strong> ist ein leistungsstarker, professionell einsetzbarer <strong>Wurzelstimulator<\/strong> mit einem hohen Gehalt an Phosphor <strong>(P<\/strong>). Die einzigartige Formel unterst\u00fctzt die schnelle Bildung starker Wurzeln, erh\u00f6ht die Widerstandsf\u00e4higkeit der Pflanzen und maximiert die N\u00e4hrstoffaufnahmekapazit\u00e4t im fr\u00fchen Wachstumsstadium. Ideal f\u00fcr Gro\u00dfproduktionen und Gew\u00e4chsh\u00e4user.<\/p>\n<h2>Merkmale und Vorteile<\/h2>\n<ul>\n<li>F\u00f6rdert eine schnelle Wurzelentwicklung und Zellteilung<\/li>\n<li>Sch\u00fctzt vor Wurzelkrankheiten und Bodenpilzen<\/li>\n<li>Reduziert das Risiko einer oberfl\u00e4chlichen Wurzelbildung auf Substraten mit Phosphormangel<\/li>\n<li>Hohe Phosphorkonzentration f\u00fcr starken Wachstumsstart<\/li>\n<li>Kompatibel mit automatischen Bew\u00e4sserungssystemen<\/li>\n<\/ul>\n<h2>Anwendung und Dosierung<\/h2>\n<p>Verwenden Sie ATA Rootfast <strong>t\u00e4glich in den Wochen 1 und 2 der Wachstumsphase<\/strong>, bei jeder Bew\u00e4sserung. Empfohlene Dosierung: <strong>0,5 &#8211; 1 ml pro Liter Wasser<\/strong>. Goed schudden voor gebruik.<\/p>\n<h2>Geeignet f\u00fcr den professionellen Einsatz bei:<\/h2>\n<ul>\n<li>Anbau von Kartoffeln, S\u00fc\u00dfkartoffeln, Hackfr\u00fcchten<\/li>\n<li>Kr\u00e4uter, bl\u00fchende Zierpflanzen (z.B. Tulpen, Chrysanthemen)<\/li>\n<li>Gew\u00e4chshausgem\u00fcse und Hydroponik in gr\u00f6\u00dferem Ma\u00dfstab<\/li>\n<\/ul>\n<h2>NPK-Wert<\/h2>\n<p><strong>P:<\/strong> 5 W\/W<\/p>\n<p><em>ATA Rootfast 5L ist die Wahl f\u00fcr kommerzielle Z\u00fcchter, die vom ersten Tag an ein Maximum an Wurzelgesundheit und Wachstumsrate verlangen.<\/em><\/p>\n<\/section>\n","protected":false},"excerpt":{"rendered":"<p>ATA Rootfast 5 Liter ist ein leistungsstarker, professionell einsetzbarer Wurzelstimulator mit einem hohen Gehalt an Phosphor (P). Die einzigartige Formel unterst\u00fctzt die schnelle Bildung starker Wurzeln, erh\u00f6ht die Widerstandsf\u00e4higkeit der Pflanzen und maximiert die N\u00e4hrstoffaufnahmekapazit\u00e4t im fr\u00fchen Wachstumsstadium. Ideal f\u00fcr Gro\u00dfproduktionen und Gew\u00e4chsh\u00e4user.<\/p>\n","protected":false},"featured_media":24579,"template":"","meta":[],"product_brand":[1050],"product_cat":[388,344],"product_tag":[],"class_list":{"0":"post-28271","1":"product","2":"type-product","3":"status-publish","4":"has-post-thumbnail","6":"product_brand-atami","7":"product_cat-atami-bcuzz-de","8":"product_cat-pflanzennahrung","10":"first","11":"instock","12":"taxable","13":"shipping-taxable","14":"purchasable","15":"product-type-simple"},"_links":{"self":[{"href":"https:\/\/www.greendiscounter.com\/de\/wp-json\/wp\/v2\/product\/28271","targetHints":{"allow":["GET"]}}],"collection":[{"href":"https:\/\/www.greendiscounter.com\/de\/wp-json\/wp\/v2\/product"}],"about":[{"href":"https:\/\/www.greendiscounter.com\/de\/wp-json\/wp\/v2\/types\/product"}],"version-history":[{"count":1,"href":"https:\/\/www.greendiscounter.com\/de\/wp-json\/wp\/v2\/product\/28271\/revisions"}],"predecessor-version":[{"id":42608,"href":"https:\/\/www.greendiscounter.com\/de\/wp-json\/wp\/v2\/product\/28271\/revisions\/42608"}],"wp:featuredmedia":[{"embeddable":true,"href":"https:\/\/www.greendiscounter.com\/de\/wp-json\/wp\/v2\/media\/24579"}],"wp:attachment":[{"href":"https:\/\/www.greendiscounter.com\/de\/wp-json\/wp\/v2\/media?parent=28271"}],"wp:term":[{"taxonomy":"product_brand","embeddable":true,"href":"https:\/\/www.greendiscounter.com\/de\/wp-json\/wp\/v2\/product_brand?post=28271"},{"taxonomy":"product_cat","embeddable":true,"href":"https:\/\/www.greendiscounter.com\/de\/wp-json\/wp\/v2\/product_cat?post=28271"},{"taxonomy":"product_tag","embeddable":true,"href":"https:\/\/www.greendiscounter.com\/de\/wp-json\/wp\/v2\/product_tag?post=28271"}],"curies":[{"name":"wp","href":"https:\/\/api.w.org\/{rel}","templated":true}]}}