 {"id":28270,"date":"2023-11-14T12:18:55","date_gmt":"2023-11-14T11:18:55","guid":{"rendered":"https:\/\/www.greendiscounter.com\/\/product\/ata-rootbastic-1250-ml\/"},"modified":"2025-08-29T11:39:23","modified_gmt":"2025-08-29T09:39:23","slug":"ata-rootbastic-1250-ml","status":"publish","type":"product","link":"https:\/\/www.greendiscounter.com\/de\/ata-rootbastic-1250-ml\/","title":{"rendered":"Atami | ATA Rootbastic | 1250 ml"},"content":{"rendered":"<section>\n<h1>Rootbastic 1250 ml &#8211; Professioneller Wurzelstimulator mit maximaler PK-St\u00e4rke<\/h1>\n<p><strong>Rootbastic 1250 ml<\/strong> ist ein leistungsstarker und vollst\u00e4ndiger <strong>Wurzelstimulator<\/strong> f\u00fcr den professionellen Einsatz. Dank eines hohen Gehalts an <strong>Phosphor (P) und Kalium (K)<\/strong> in Kombination mit Pflanzenextrakten, Aminos\u00e4uren und Spurenelementen f\u00f6rdert Rootbastic ein robustes Wurzelsystem und eine starke Aufnahmef\u00e4higkeit bei jungen Pflanzen.<\/p>\n<h2>Vorteile von Rootbastic 1250 ml<\/h2>\n<ul>\n<li>Hochkonzentrierte NPK-Formel: 4-14-4 W\/W<\/li>\n<li>Stimuliert die Wurzelentwicklung, den Zellaufbau und die Enzymaktivit\u00e4t<\/li>\n<li>Verbessert die Widerstandsf\u00e4higkeit gegen Stress und beschleunigt das Wachstum in der fr\u00fchen Phase<\/li>\n<li>Kompatibel mit allen Kultursubstraten: Hydro, Kokos, Erde<\/li>\n<li>Erh\u00f6ht den EC-Wert Ihrer N\u00e4hrstoffl\u00f6sung auf kontrollierte Weise<\/li>\n<\/ul>\n<h2>Anwendung und Dosierung<\/h2>\n<p>Wenden Sie es in den ersten drei Wochen der Wachstumsphase an und erh\u00f6hen Sie die Dosierung allm\u00e4hlich:<\/p>\n<ul>\n<li><strong>Woche 1:<\/strong> 0,1 ml\/l<\/li>\n<li><strong>Woche 2:<\/strong> 0,2 ml\/l<\/li>\n<li><strong>Woche 3:<\/strong> 0,3 ml\/l<\/li>\n<\/ul>\n<p>Goed schudden voor gebruik. Mischen Sie es mit dem Basisn\u00e4hrstoff und \u00fcberpr\u00fcfen Sie gegebenenfalls den EC-Wert.<\/p>\n<h2>Ideal f\u00fcr:<\/h2>\n<ul>\n<li>Kommerzieller Anbau von Gem\u00fcse, Kr\u00e4utern und Obst<\/li>\n<li>Anbausysteme mit hohem Ertrag wie Hydrokultur oder DWC<\/li>\n<li>Baumschulen, professionelle Hobbyg\u00e4rtner und Gro\u00dfz\u00fcchter<\/li>\n<\/ul>\n<p><em>Rootbastic 1250 ml ist die Wahl f\u00fcr Z\u00fcchter, die eine optimale Wurzelentwicklung und maximale Effizienz von Beginn der Kultivierung an anstreben.<\/em><\/p>\n<\/section>\n","protected":false},"excerpt":{"rendered":"<p>Rootbastic 1250 ml ist ein leistungsstarker und vollst\u00e4ndiger Wurzelstimulator f\u00fcr den professionellen Einsatz. Dank eines hohen Gehalts an Phosphor (P) und Kalium (K) in Kombination mit Pflanzenextrakten, Aminos\u00e4uren und Spurenelementen f\u00f6rdert Rootbastic ein robustes Wurzelsystem und eine starke Aufnahmef\u00e4higkeit bei jungen Pflanzen.<\/p>\n","protected":false},"featured_media":24571,"template":"","meta":[],"product_brand":[1050],"product_cat":[388,344],"product_tag":[],"class_list":{"0":"post-28270","1":"product","2":"type-product","3":"status-publish","4":"has-post-thumbnail","6":"product_brand-atami","7":"product_cat-atami-bcuzz-de","8":"product_cat-pflanzennahrung","10":"first","11":"instock","12":"taxable","13":"shipping-taxable","14":"purchasable","15":"product-type-simple"},"_links":{"self":[{"href":"https:\/\/www.greendiscounter.com\/de\/wp-json\/wp\/v2\/product\/28270","targetHints":{"allow":["GET"]}}],"collection":[{"href":"https:\/\/www.greendiscounter.com\/de\/wp-json\/wp\/v2\/product"}],"about":[{"href":"https:\/\/www.greendiscounter.com\/de\/wp-json\/wp\/v2\/types\/product"}],"version-history":[{"count":1,"href":"https:\/\/www.greendiscounter.com\/de\/wp-json\/wp\/v2\/product\/28270\/revisions"}],"predecessor-version":[{"id":42614,"href":"https:\/\/www.greendiscounter.com\/de\/wp-json\/wp\/v2\/product\/28270\/revisions\/42614"}],"wp:featuredmedia":[{"embeddable":true,"href":"https:\/\/www.greendiscounter.com\/de\/wp-json\/wp\/v2\/media\/24571"}],"wp:attachment":[{"href":"https:\/\/www.greendiscounter.com\/de\/wp-json\/wp\/v2\/media?parent=28270"}],"wp:term":[{"taxonomy":"product_brand","embeddable":true,"href":"https:\/\/www.greendiscounter.com\/de\/wp-json\/wp\/v2\/product_brand?post=28270"},{"taxonomy":"product_cat","embeddable":true,"href":"https:\/\/www.greendiscounter.com\/de\/wp-json\/wp\/v2\/product_cat?post=28270"},{"taxonomy":"product_tag","embeddable":true,"href":"https:\/\/www.greendiscounter.com\/de\/wp-json\/wp\/v2\/product_tag?post=28270"}],"curies":[{"name":"wp","href":"https:\/\/api.w.org\/{rel}","templated":true}]}}