 {"id":28261,"date":"2023-11-14T12:18:48","date_gmt":"2023-11-14T11:18:48","guid":{"rendered":"https:\/\/www.greendiscounter.com\/\/product\/ata-calmag-1-ltr\/"},"modified":"2025-08-29T11:39:41","modified_gmt":"2025-08-29T09:39:41","slug":"ata-calmag-1-ltr","status":"publish","type":"product","link":"https:\/\/www.greendiscounter.com\/de\/ata-calmag-1-ltr\/","title":{"rendered":"Atami | ATA CalMag | 1 ltr."},"content":{"rendered":"<section>\n<h1>Atami ATA CalMag 1L &#8211; Calcium-Magnesium-Erg\u00e4nzung f\u00fcr starke und gesunde Pflanzen<\/h1>\n<p><strong>ATA CalMag 1 Liter<\/strong> von Atami ist ein unverzichtbares Erg\u00e4nzungsmittel f\u00fcr jeden Z\u00fcchter, der mit weichem Wasser oder einem erh\u00f6hten Risiko von Kalzium- und Magnesiummangel zu k\u00e4mpfen hat. Dieses Produkt versorgt Ihre Pflanzen mit einer ausgewogenen Dosis <strong>Kalzium (Ca)<\/strong> und <strong>Magnesium (Mg<\/strong>), zwei wesentlichen Elementen f\u00fcr gesundes Wachstum und Bl\u00fcte.<\/p>\n<h2>Warum ATA CalMag verwenden?<\/h2>\n<ul>\n<li>Korrigiert Kalzium- und Magnesiumdefizite, insbesondere bei weichem Wasser oder Osmosewasser<\/li>\n<li>Unverzichtbar beim Anbau auf Kokossubstrat<\/li>\n<li>Verbessert die Aufnahme von anderen D\u00fcngemitteln<\/li>\n<li>Stimuliert die Bildung starker Zellw\u00e4nde und die Chlorophyllproduktion<\/li>\n<li>F\u00f6rdert gesundes Wachstum und eine kr\u00e4ftigere Bl\u00fctephase<\/li>\n<\/ul>\n<h2>Ideal f\u00fcr diese Situationen:<\/h2>\n<ul>\n<li>Kultivierung mit Regen-, Quell- oder Osmosewasser<\/li>\n<li>Anbau auf Kokos (h\u00f6heres Risiko eines Ca\/Mg-Mangels)<\/li>\n<li>Hydro-, Mapito- und Substratanbau (sowohl drinnen als auch drau\u00dfen)<\/li>\n<\/ul>\n<h2>Anwendung &amp; Dosierung<\/h2>\n<p>Verwenden Sie ATA CalMag in einer Dosierung von <strong>0,1 bis 1 ml pro Liter<\/strong> N\u00e4hrstoffwasser bei jeder Bew\u00e4sserung sowohl w\u00e4hrend der Wachstums- als auch der Bl\u00fctephase. F\u00fcr beste Ergebnisse verwenden Sie Speisewasser mit Raumtemperatur (\u00b121\u00b0C).<\/p>\n<h2>Spezifikationen<\/h2>\n<ul>\n<li><strong>NPK-Verh\u00e4ltnis:<\/strong> 6-0-0<\/li>\n<li>Erh\u00e4ltlich in: 250 ml, 1 Liter, 5 Liter<\/li>\n<li>Geeignet f\u00fcr alle Anbaumethoden<\/li>\n<\/ul>\n<p><em>ATA CalMag 1L ist perfekt f\u00fcr ernsthafte Hobbyz\u00fcchter und semiprofessionelle Z\u00fcchter, die die Kontrolle \u00fcber ihren N\u00e4hrstoffhaushalt behalten m\u00f6chten.<\/em><\/p>\n<\/section>\n","protected":false},"excerpt":{"rendered":"<p>ATA CalMag 1 Liter von Atami ist ein unverzichtbares Erg\u00e4nzungsmittel f\u00fcr jeden Z\u00fcchter, der mit weichem Wasser oder einem erh\u00f6hten Risiko von Kalzium- und Magnesiummangel zu k\u00e4mpfen hat. Dieses Produkt versorgt Ihre Pflanzen mit einer ausgewogenen Dosis Kalzium (Ca) und Magnesium (Mg), zwei wesentlichen Elementen f\u00fcr gesundes Wachstum und Bl\u00fcte.<\/p>\n","protected":false},"featured_media":24557,"template":"","meta":[],"product_brand":[],"product_cat":[388,344],"product_tag":[],"class_list":{"0":"post-28261","1":"product","2":"type-product","3":"status-publish","4":"has-post-thumbnail","6":"product_cat-atami-bcuzz-de","7":"product_cat-pflanzennahrung","9":"first","10":"instock","11":"taxable","12":"shipping-taxable","13":"purchasable","14":"product-type-simple"},"_links":{"self":[{"href":"https:\/\/www.greendiscounter.com\/de\/wp-json\/wp\/v2\/product\/28261","targetHints":{"allow":["GET"]}}],"collection":[{"href":"https:\/\/www.greendiscounter.com\/de\/wp-json\/wp\/v2\/product"}],"about":[{"href":"https:\/\/www.greendiscounter.com\/de\/wp-json\/wp\/v2\/types\/product"}],"version-history":[{"count":1,"href":"https:\/\/www.greendiscounter.com\/de\/wp-json\/wp\/v2\/product\/28261\/revisions"}],"predecessor-version":[{"id":42628,"href":"https:\/\/www.greendiscounter.com\/de\/wp-json\/wp\/v2\/product\/28261\/revisions\/42628"}],"wp:featuredmedia":[{"embeddable":true,"href":"https:\/\/www.greendiscounter.com\/de\/wp-json\/wp\/v2\/media\/24557"}],"wp:attachment":[{"href":"https:\/\/www.greendiscounter.com\/de\/wp-json\/wp\/v2\/media?parent=28261"}],"wp:term":[{"taxonomy":"product_brand","embeddable":true,"href":"https:\/\/www.greendiscounter.com\/de\/wp-json\/wp\/v2\/product_brand?post=28261"},{"taxonomy":"product_cat","embeddable":true,"href":"https:\/\/www.greendiscounter.com\/de\/wp-json\/wp\/v2\/product_cat?post=28261"},{"taxonomy":"product_tag","embeddable":true,"href":"https:\/\/www.greendiscounter.com\/de\/wp-json\/wp\/v2\/product_tag?post=28261"}],"curies":[{"name":"wp","href":"https:\/\/api.w.org\/{rel}","templated":true}]}}