 {"id":28249,"date":"2023-11-14T12:18:49","date_gmt":"2023-11-14T11:18:49","guid":{"rendered":"https:\/\/www.greendiscounter.com\/\/product\/ata-calmag-5-ltr\/"},"modified":"2025-08-29T11:39:38","modified_gmt":"2025-08-29T09:39:38","slug":"ata-calmag-5-ltr","status":"publish","type":"product","link":"https:\/\/www.greendiscounter.com\/de\/ata-calmag-5-ltr\/","title":{"rendered":"Atami | ATA CalMag | 5 ltr."},"content":{"rendered":"<section>\n<h1>Atami ATA CalMag 5L &#8211; Professioneller Kalzium- und Magnesiumzusatz f\u00fcr den Gro\u00dfanbau<\/h1>\n<p>Mit <strong>ATA CalMag 5 Liter<\/strong> erhalten Sie ein leistungsstarkes Erg\u00e4nzungsmittel, das speziell f\u00fcr Z\u00fcchter entwickelt wurde, die mit weichem Wasser, Osmosewasser oder Kokossubstraten arbeiten. Diese Gro\u00dfpackung ist ideal f\u00fcr den professionellen Einsatz und bietet eine zuverl\u00e4ssige Quelle f\u00fcr <strong>Kalzium (Ca)<\/strong> und <strong>Magnesium (Mg<\/strong> ) f\u00fcr Ihre Pflanzen.<\/p>\n<h2>Vorteile des ATA CalMag 5L<\/h2>\n<ul>\n<li>Optimale Nahrungserg\u00e4nzung bei kalzium- und magnesiumarmen Wasserquellen<\/li>\n<li>Unverzichtbar beim Anbau von Kokos, Hydro und Mapito<\/li>\n<li>Stimuliert die Photosynthese, das Zellwachstum und die Effizienz der Ern\u00e4hrung<\/li>\n<li>Verhindert Wachstumsst\u00f6rungen und Blattverf\u00e4rbungen<\/li>\n<li>Unterst\u00fctzt kr\u00e4ftiges Wachstum und maximale Bl\u00fcteergebnisse<\/li>\n<\/ul>\n<h2>Anwendung &amp; Gebrauch<\/h2>\n<p>Geben Sie ATA CalMag bei jeder Bew\u00e4sserung in einem Verh\u00e4ltnis von <strong>0,1 bis 1 ml pro Liter<\/strong>. Wird w\u00e4hrend des gesamten Wachstumszyklus verwendet &#8211; sowohl in der Wachstums- als auch in der Bl\u00fctephase. Achten Sie darauf, dass das Futterwasser eine Temperatur von etwa 21\u00b0C hat, damit es optimal aufgenommen werden kann.<\/p>\n<h2>Wann sollten Sie ATA CalMag verwenden?<\/h2>\n<ul>\n<li>Bei Verwendung von Osmose, Regen- oder Quellwasser<\/li>\n<li>Bei Anbau auf Kokossubstrat oder anderen Ca\/Mg-armen Medien<\/li>\n<li>F\u00fcr den Innen- und Au\u00dfenanbau, Hydro- und Tropfsysteme<\/li>\n<\/ul>\n<h2>Technische Daten<\/h2>\n<ul>\n<li><strong>NPK-Verh\u00e4ltnis:<\/strong> 6-0-0<\/li>\n<li>Enth\u00e4lt Kalzium- und Magnesiumsalze in l\u00f6slicher Form<\/li>\n<li>Gro\u00dfe Verpackung: ideal f\u00fcr kommerzielle Z\u00fcchter<\/li>\n<\/ul>\n<p><em>ATA CalMag 5L ist die zuverl\u00e4ssige Wahl f\u00fcr Z\u00fcchter, die Spitzenleistungen und maximale Ertr\u00e4ge anstreben.<\/em><\/p>\n<\/section>\n","protected":false},"excerpt":{"rendered":"<p>Mit ATA CalMag 5 Liter erhalten Sie ein leistungsstarkes Erg\u00e4nzungsmittel, das speziell f\u00fcr Z\u00fcchter entwickelt wurde, die mit weichem Wasser, Osmosewasser oder Kokossubstraten arbeiten. Diese Gro\u00dfpackung ist ideal f\u00fcr den professionellen Einsatz und bietet eine zuverl\u00e4ssige Quelle f\u00fcr Kalzium (Ca) und Magnesium (Mg) f\u00fcr Ihre Pflanzen.<\/p>\n","protected":false},"featured_media":24559,"template":"","meta":[],"product_brand":[],"product_cat":[388,344],"product_tag":[],"class_list":{"0":"post-28249","1":"product","2":"type-product","3":"status-publish","4":"has-post-thumbnail","6":"product_cat-atami-bcuzz-de","7":"product_cat-pflanzennahrung","9":"first","10":"instock","11":"taxable","12":"shipping-taxable","13":"purchasable","14":"product-type-simple"},"_links":{"self":[{"href":"https:\/\/www.greendiscounter.com\/de\/wp-json\/wp\/v2\/product\/28249","targetHints":{"allow":["GET"]}}],"collection":[{"href":"https:\/\/www.greendiscounter.com\/de\/wp-json\/wp\/v2\/product"}],"about":[{"href":"https:\/\/www.greendiscounter.com\/de\/wp-json\/wp\/v2\/types\/product"}],"version-history":[{"count":1,"href":"https:\/\/www.greendiscounter.com\/de\/wp-json\/wp\/v2\/product\/28249\/revisions"}],"predecessor-version":[{"id":42624,"href":"https:\/\/www.greendiscounter.com\/de\/wp-json\/wp\/v2\/product\/28249\/revisions\/42624"}],"wp:featuredmedia":[{"embeddable":true,"href":"https:\/\/www.greendiscounter.com\/de\/wp-json\/wp\/v2\/media\/24559"}],"wp:attachment":[{"href":"https:\/\/www.greendiscounter.com\/de\/wp-json\/wp\/v2\/media?parent=28249"}],"wp:term":[{"taxonomy":"product_brand","embeddable":true,"href":"https:\/\/www.greendiscounter.com\/de\/wp-json\/wp\/v2\/product_brand?post=28249"},{"taxonomy":"product_cat","embeddable":true,"href":"https:\/\/www.greendiscounter.com\/de\/wp-json\/wp\/v2\/product_cat?post=28249"},{"taxonomy":"product_tag","embeddable":true,"href":"https:\/\/www.greendiscounter.com\/de\/wp-json\/wp\/v2\/product_tag?post=28249"}],"curies":[{"name":"wp","href":"https:\/\/api.w.org\/{rel}","templated":true}]}}