 {"id":27344,"date":"2023-11-15T07:36:43","date_gmt":"2023-11-15T06:36:43","guid":{"rendered":"https:\/\/www.greendiscounter.com\/\/reklamationen\/"},"modified":"2025-11-04T10:19:41","modified_gmt":"2025-11-04T09:19:41","slug":"reklamationen","status":"publish","type":"page","link":"https:\/\/www.greendiscounter.com\/de\/reklamationen\/","title":{"rendered":"Reklamationen"},"content":{"rendered":"\t\t<div data-elementor-type=\"wp-page\" data-elementor-id=\"27344\" class=\"elementor elementor-27344 elementor-20730\">\n\t\t\t\t<div class=\"wd-negative-gap elementor-element elementor-element-4142191 e-flex e-con-boxed e-con e-parent\" data-id=\"4142191\" data-element_type=\"container\">\n\t\t\t\t\t<div class=\"e-con-inner\">\n\t\t<div class=\"wd-negative-gap elementor-element elementor-element-8a40c51 e-flex e-con-boxed e-con e-child\" data-id=\"8a40c51\" data-element_type=\"container\">\n\t\t\t\t\t<div class=\"e-con-inner\">\n\t\t\t\t<div class=\"elementor-element elementor-element-56f2b0c elementor-widget elementor-widget-wd_text_block\" data-id=\"56f2b0c\" data-element_type=\"widget\" data-widget_type=\"wd_text_block.default\">\n\t\t\t\t<div class=\"elementor-widget-container\">\n\t\t\t\t\t\t\t<div class=\"wd-text-block reset-last-child text-left\">\n\t\t\t\n\t\t\t<header><h1 class=\"m20 false\">Reklamationen<\/h1><\/header><div><p>Wir von Greendiscounter bem\u00fchen uns sehr, Ihnen so schnell, gut und gr\u00fcn wie m\u00f6glich zu helfen. Es kann immer passieren, dass etwas nicht ganz so l\u00e4uft wie geplant. Wir ermutigen Sie, Beschwerden zun\u00e4chst per E-Mail an <a href=\"mailto:info@greendiscounter.com\">info@greendiscounter.com<\/a> zu richten <a href=\"mailto:info@greendiscounter.de\">.<\/a><\/p><p>Wenn dies nicht zu einer L\u00f6sung f\u00fchrt, k\u00f6nnen Sie Ihre Streitigkeit zur Mediation \u00fcber WebwinkelKeur unter https:\/\/www.webwinkelkeur.nl\/kennisbank\/consumenten\/geschil anmelden.<\/p><\/div>\n\t\t\t\t\t<\/div>\n\t\t\t\t\t\t<\/div>\n\t\t\t\t<\/div>\n\t\t\t\t\t<\/div>\n\t\t\t\t<\/div>\n\t\t\t\t\t<\/div>\n\t\t\t\t<\/div>\n\t\t\t\t<\/div>\n\t\t","protected":false},"excerpt":{"rendered":"<p>Reklamationen Wir von Greendiscounter bem\u00fchen uns sehr, Ihnen so schnell, gut und gr\u00fcn wie m\u00f6glich zu helfen. Es kann immer<\/p>\n","protected":false},"author":1,"featured_media":0,"parent":0,"menu_order":0,"comment_status":"closed","ping_status":"closed","template":"","meta":{"footnotes":""},"class_list":["post-27344","page","type-page","status-publish","hentry"],"_links":{"self":[{"href":"https:\/\/www.greendiscounter.com\/de\/wp-json\/wp\/v2\/pages\/27344","targetHints":{"allow":["GET"]}}],"collection":[{"href":"https:\/\/www.greendiscounter.com\/de\/wp-json\/wp\/v2\/pages"}],"about":[{"href":"https:\/\/www.greendiscounter.com\/de\/wp-json\/wp\/v2\/types\/page"}],"author":[{"embeddable":true,"href":"https:\/\/www.greendiscounter.com\/de\/wp-json\/wp\/v2\/users\/1"}],"replies":[{"embeddable":true,"href":"https:\/\/www.greendiscounter.com\/de\/wp-json\/wp\/v2\/comments?post=27344"}],"version-history":[{"count":3,"href":"https:\/\/www.greendiscounter.com\/de\/wp-json\/wp\/v2\/pages\/27344\/revisions"}],"predecessor-version":[{"id":43360,"href":"https:\/\/www.greendiscounter.com\/de\/wp-json\/wp\/v2\/pages\/27344\/revisions\/43360"}],"wp:attachment":[{"href":"https:\/\/www.greendiscounter.com\/de\/wp-json\/wp\/v2\/media?parent=27344"}],"curies":[{"name":"wp","href":"https:\/\/api.w.org\/{rel}","templated":true}]}}